{"id":9239,"date":"2023-06-22T16:43:51","date_gmt":"2023-06-22T16:43:51","guid":{"rendered":"https:\/\/practicalconsciousness.com\/?page_id=9239"},"modified":"2023-08-03T14:54:53","modified_gmt":"2023-08-03T14:54:53","slug":"individuaalope","status":"publish","type":"page","link":"https:\/\/practicalconsciousness.com\/et\/individuaalope\/","title":{"rendered":"Individuaal\u00f5pe"},"content":{"rendered":"<div class=\"fusion-fullwidth fullwidth-box fusion-builder-row-1 fusion-flex-container nonhundred-percent-fullwidth non-hundred-percent-height-scrolling\" style=\"background-color: var(--awb-color1);background-position: left top;background-repeat: no-repeat;border-width: 0px 0px 0px 0px;border-color:#e7e4e2;border-style:solid;\" ><div class=\"fusion-builder-row fusion-row fusion-flex-align-items-flex-start\" style=\"max-width:1331.2px;margin-left: calc(-4% \/ 2 );margin-right: calc(-4% \/ 2 );\"><div class=\"fusion-layout-column fusion_builder_column fusion-builder-column-0 fusion_builder_column_1_6 1_6 fusion-flex-column fusion-no-small-visibility\"><div class=\"fusion-column-wrapper fusion-flex-justify-content-flex-start fusion-content-layout-column\" style=\"background-position:left top;background-blend-mode: overlay;background-repeat:no-repeat;-webkit-background-size:cover;-moz-background-size:cover;-o-background-size:cover;background-size:cover;padding: 0px 0px 0px 0px;\"><\/div><style type=\"text\/css\">.fusion-body .fusion-builder-column-0{width:16.666666666667% !important;margin-top : 10px;margin-bottom : 10px;}.fusion-builder-column-0 > .fusion-column-wrapper {padding-top : 0px !important;padding-right : 0px !important;margin-right : 11.52%;padding-bottom : 0px !important;padding-left : 0px !important;margin-left : 11.52%;}@media only screen and (max-width:1024px) {.fusion-body .fusion-builder-column-0{width:100% !important;}.fusion-builder-column-0 > .fusion-column-wrapper {margin-right : 1.92%;margin-left : 1.92%;}}@media only screen and (max-width:640px) {.fusion-body .fusion-builder-column-0{width:100% !important;}.fusion-builder-column-0 > .fusion-column-wrapper {margin-right : 1.92%;margin-left : 1.92%;}}<\/style><\/div><div class=\"fusion-layout-column fusion_builder_column fusion-builder-column-1 fusion_builder_column_2_3 2_3 fusion-flex-column\"><div class=\"fusion-column-wrapper fusion-flex-justify-content-flex-start fusion-content-layout-column\" style=\"background-position:left top;background-blend-mode: overlay;background-repeat:no-repeat;-webkit-background-size:cover;-moz-background-size:cover;-o-background-size:cover;background-size:cover;padding: 0px 0px 0px 0px;\"><div ><style>.fusion-imageframe.imageframe-1 img{aspect-ratio:16 \/ 9;}<\/style><span class=\" fusion-imageframe imageframe-none imageframe-1 hover-type-none has-aspect-ratio\"><img decoding=\"async\" width=\"300\" height=\"157\" title=\"individuaal\" src=\"https:\/\/practicalconsciousness.com\/wp-content\/uploads\/2023\/06\/individuaal.jpg\" data-orig-src=\"https:\/\/practicalconsciousness.com\/wp-content\/uploads\/2023\/06\/individuaal-300x157.jpg\" class=\"lazyload img-responsive wp-image-9241 img-with-aspect-ratio\" alt srcset=\"data:image\/svg+xml,%3Csvg%20xmlns%3D%27http%3A%2F%2Fwww.w3.org%2F2000%2Fsvg%27%20width%3D%271920%27%20height%3D%271005%27%20viewBox%3D%270%200%201920%201005%27%3E%3Crect%20width%3D%271920%27%20height%3D%271005%27%20fill-opacity%3D%220%22%2F%3E%3C%2Fsvg%3E\" data-srcset=\"https:\/\/practicalconsciousness.com\/wp-content\/uploads\/2023\/06\/individuaal-200x105.jpg 200w, https:\/\/practicalconsciousness.com\/wp-content\/uploads\/2023\/06\/individuaal-400x209.jpg 400w, https:\/\/practicalconsciousness.com\/wp-content\/uploads\/2023\/06\/individuaal-600x314.jpg 600w, https:\/\/practicalconsciousness.com\/wp-content\/uploads\/2023\/06\/individuaal-800x419.jpg 800w, https:\/\/practicalconsciousness.com\/wp-content\/uploads\/2023\/06\/individuaal-1200x628.jpg 1200w, https:\/\/practicalconsciousness.com\/wp-content\/uploads\/2023\/06\/individuaal.jpg 1920w\" data-sizes=\"auto\" data-orig-sizes=\"(max-width: 1024px) 100vw, (max-width: 640px) 100vw, 1200px\" \/><\/span><\/div><div class=\"fusion-separator fusion-full-width-sep\" style=\"align-self: center;margin-left: auto;margin-right: auto;margin-top:15px;margin-bottom:15px;width:100%;\"><\/div><div class=\"fusion-text fusion-text-1\" style=\"text-align:justify;text-transform:none;\"><h3 class=\"fusion-responsive-typography-calculated\" data-fontsize=\"24\" data-lineheight=\"33.6px\"><strong>INDIVIDUAAL\u00d5PE ONLINES<\/strong><\/h3>\n<p>Tere tulemast individuaal\u00f5ppele, uuele v\u00f5imalusele j\u00e4tku\u00f5ppe programmis, mis on avatud k\u00f5igile, kes on l\u00e4binud Practical Consciousness I ja II kursused. See on suurep\u00e4rane v\u00f5imalus saada individuaalset tuge ja enam rakendada kursusel omandatud teadmisi oma igap\u00e4evaelus.<\/p>\n<\/div><div class=\"fusion-separator fusion-full-width-sep\" style=\"align-self: center;margin-left: auto;margin-right: auto;margin-top:15px;margin-bottom:15px;width:100%;\"><\/div><div style=\"text-align:center;\"><style>.fusion-body .fusion-button.button-1 .fusion-button-text,.fusion-body .fusion-button.button-1 i{color:var(--awb-color5);}.fusion-body .fusion-button.button-1{border-color:var(--awb-color5);border-width:2px 2px 2px 2px;border-radius:30px 30px 30px 30px;background:var(--awb-color1);}.fusion-body .fusion-button.button-1:hover .fusion-button-text,.fusion-body .fusion-button.button-1:hover i,.fusion-body .fusion-button.button-1:focus .fusion-button-text,.fusion-body .fusion-button.button-1:focus i,.fusion-body .fusion-button.button-1:active .fusion-button-text,.fusion-body .fusion-button.button-1:active i{color:#ffffff;}.fusion-body .fusion-button.button-1:hover,.fusion-body .fusion-button.button-1:active,.fusion-body .fusion-button.button-1:focus{border-color:var(--awb-color5);border-width:2px 2px 2px 2px;background:var(--awb-color5);}<\/style><a class=\"fusion-button button-flat fusion-button-default-size button-custom button-1 fusion-button-span-no fusion-button-default-type\" target=\"_self\" href=\"https:\/\/outlook.office365.com\/owa\/calendar\/Individuaalope@practicalconsciousness.org\/bookings\/\"><span class=\"fusion-button-text\">Broneeri online kohtumine<\/span><\/a><\/div><div class=\"fusion-separator fusion-full-width-sep\" style=\"align-self: center;margin-left: auto;margin-right: auto;margin-top:15px;margin-bottom:15px;width:100%;\"><\/div><div class=\"fusion-separator fusion-full-width-sep\" style=\"align-self: center;margin-left: auto;margin-right: auto;margin-top:15px;margin-bottom:15px;width:100%;\"><\/div><div class=\"fusion-text fusion-text-2\" style=\"text-align:justify;text-transform:none;\"><p>Individuaal\u00f5ppes aitame Sul:<\/p>\n<\/div><ul class=\"fusion-checklist fusion-checklist-1\" style=\"font-size:17px;line-height:28.9px;\"><li style=\"background-color:rgba(255,255,255,0);padding-left:5%;\" class=\"fusion-li-item\"><span style=\"height:28.9px;width:28.9px;margin-right:11.9px;\" class=\"icon-wrapper circle-no\"><i class=\"fusion-li-icon awb-icon-check\" style=\"color:#c12026;\" aria-hidden=\"true\"><\/i><\/span><div class=\"fusion-li-item-content\" style=\"margin-left:40.8px;color:var(--awb-color6);\">\n<p>luua selgust oma elus, olgu selleks siis tehnika parem kasutamisoskus v\u00f5i m\u00f5ne eluvaldkonna korrastamine.<\/p>\n<\/div><\/li><li style=\"background-color:rgba(255,255,255,0);padding-left:5%;\" class=\"fusion-li-item\"><span style=\"height:28.9px;width:28.9px;margin-right:11.9px;\" class=\"icon-wrapper circle-no\"><i class=\"fusion-li-icon awb-icon-check\" style=\"color:#c12026;\" aria-hidden=\"true\"><\/i><\/span><div class=\"fusion-li-item-content\" style=\"margin-left:40.8px;color:var(--awb-color6);\">\n<p>valides teema, millega soovid alustada, juhendame praktikate l\u00e4biviimisel, et arendada vilumust ja oskusi.<\/p>\n<\/div><\/li><li style=\"background-color:rgba(255,255,255,0);padding-left:5%;\" class=\"fusion-li-item\"><span style=\"height:28.9px;width:28.9px;margin-right:11.9px;\" class=\"icon-wrapper circle-no\"><i class=\"fusion-li-icon awb-icon-check\" style=\"color:#c12026;\" aria-hidden=\"true\"><\/i><\/span><div class=\"fusion-li-item-content\" style=\"margin-left:40.8px;color:var(--awb-color6);\">\n<p>luua personaalse plaani, kuidas integreerida \u00f5pitud praktikad igap\u00e4evaellu ja korrastada soovitud eluvaldkondi.<\/p>\n<\/div><\/li><li style=\"background-color:rgba(255,255,255,0);padding-left:5%;\" class=\"fusion-li-item\"><span style=\"height:28.9px;width:28.9px;margin-right:11.9px;\" class=\"icon-wrapper circle-no\"><i class=\"fusion-li-icon awb-icon-check\" style=\"color:#c12026;\" aria-hidden=\"true\"><\/i><\/span><div class=\"fusion-li-item-content\" style=\"margin-left:40.8px;color:var(--awb-color6);\">\n<p>tuvastame v\u00f5imalikud takistused praktiseerimisel ning anname n\u00f5u, kuidas neid t\u00f5husalt \u00fcletada.<\/p>\n<\/div><\/li><li style=\"background-color:rgba(255,255,255,0);padding-left:5%;\" class=\"fusion-li-item\"><span style=\"height:28.9px;width:28.9px;margin-right:11.9px;\" class=\"icon-wrapper circle-no\"><i class=\"fusion-li-icon awb-icon-check\" style=\"color:#c12026;\" aria-hidden=\"true\"><\/i><\/span><div class=\"fusion-li-item-content\" style=\"margin-left:40.8px;color:var(--awb-color6);\">\n<p>p\u00e4rast juhendajaga kohtumist saad abistava kodut\u00f6\u00f6, et arendada j\u00e4rjepidevust ja j\u00f5uda soovitud tulemusteni.<\/p>\n<\/div><\/li><\/ul><div class=\"fusion-separator fusion-full-width-sep\" style=\"align-self: center;margin-left: auto;margin-right: auto;margin-top:15px;margin-bottom:15px;width:100%;\"><\/div><div class=\"fusion-text fusion-text-3\" style=\"text-align:justify;text-transform:none;\"><p>Juhendajaga online kohtumise kestvus ja hind: 1 tund \/ 60 \u20ac<\/p>\n<\/div><div class=\"fusion-separator fusion-full-width-sep\" style=\"align-self: center;margin-left: auto;margin-right: auto;margin-top:15px;margin-bottom:15px;width:100%;\"><\/div><div style=\"text-align:center;\"><style>.fusion-body .fusion-button.button-2 .fusion-button-text,.fusion-body .fusion-button.button-2 i{color:var(--awb-color5);}.fusion-body .fusion-button.button-2{border-color:var(--awb-color5);border-width:2px 2px 2px 2px;border-radius:30px 30px 30px 30px;background:var(--awb-color1);}.fusion-body .fusion-button.button-2:hover .fusion-button-text,.fusion-body .fusion-button.button-2:hover i,.fusion-body .fusion-button.button-2:focus .fusion-button-text,.fusion-body .fusion-button.button-2:focus i,.fusion-body .fusion-button.button-2:active .fusion-button-text,.fusion-body .fusion-button.button-2:active i{color:#ffffff;}.fusion-body .fusion-button.button-2:hover,.fusion-body .fusion-button.button-2:active,.fusion-body .fusion-button.button-2:focus{border-color:var(--awb-color5);border-width:2px 2px 2px 2px;background:var(--awb-color5);}<\/style><a class=\"fusion-button button-flat fusion-button-default-size button-custom button-2 fusion-button-span-no fusion-button-default-type\" target=\"_self\" href=\"https:\/\/outlook.office365.com\/owa\/calendar\/Individuaalope@practicalconsciousness.org\/bookings\/\"><span class=\"fusion-button-text\">Broneeri online kohtumine<\/span><\/a><\/div><div class=\"fusion-separator fusion-full-width-sep\" style=\"align-self: center;margin-left: auto;margin-right: auto;margin-top:15px;margin-bottom:15px;width:100%;\"><\/div><div class=\"fusion-text fusion-text-4\" style=\"text-align:justify;text-transform:none;\"><p>Individuaal\u00f5pet viivad l\u00e4bi Practical Consciousness litsentseeritud \u00f5petajad. Juhendajaga kohtumiseks broneeri aeg v\u00e4hemalt kaks p\u00e4eva ette ning tasudes p\u00e4ev enne kohtumist. Makseinfo saadetakse sulle e-postile p\u00e4rast broneeringu kinnitamist.<\/p>\n<\/div><div class=\"fusion-text fusion-text-5\" style=\"text-align:justify;text-transform:none;\"><p>Juhendajaga online kohtumine toimub Microsoft Teams keskkonna vahendusel ja eeldab veebikaamera olemasolu. Individuaal\u00f5ppe sessioone ei salvestata.<\/p>\n<\/div><\/div><style type=\"text\/css\">.fusion-body .fusion-builder-column-1{width:66.666666666667% !important;margin-top : 10px;margin-bottom : 30px;}.fusion-builder-column-1 > .fusion-column-wrapper {padding-top : 0px !important;padding-right : 0px !important;margin-right : 2.88%;padding-bottom : 0px !important;padding-left : 0px !important;margin-left : 2.88%;}@media only screen and (max-width:1024px) {.fusion-body .fusion-builder-column-1{width:100% !important;}.fusion-builder-column-1 > .fusion-column-wrapper {margin-right : 1.92%;margin-left : 1.92%;}}@media only screen and (max-width:640px) {.fusion-body .fusion-builder-column-1{width:100% !important;}.fusion-builder-column-1 > .fusion-column-wrapper {margin-right : 1.92%;margin-left : 1.92%;}}<\/style><\/div><div class=\"fusion-layout-column fusion_builder_column fusion-builder-column-2 fusion_builder_column_1_6 1_6 fusion-flex-column fusion-no-small-visibility\"><div class=\"fusion-column-wrapper fusion-flex-justify-content-flex-start fusion-content-layout-column\" style=\"background-position:left top;background-blend-mode: overlay;background-repeat:no-repeat;-webkit-background-size:cover;-moz-background-size:cover;-o-background-size:cover;background-size:cover;padding: 0px 0px 0px 0px;\"><div class=\"fusion-separator fusion-full-width-sep\" style=\"align-self: center;margin-left: auto;margin-right: auto;margin-top:20px;width:100%;\"><\/div><\/div><style type=\"text\/css\">.fusion-body .fusion-builder-column-2{width:16.666666666667% !important;margin-top : 10px;margin-bottom : 10px;}.fusion-builder-column-2 > .fusion-column-wrapper {padding-top : 0px !important;padding-right : 0px !important;margin-right : 11.52%;padding-bottom : 0px !important;padding-left : 0px !important;margin-left : 11.52%;}@media only screen and (max-width:1024px) {.fusion-body .fusion-builder-column-2{width:100% !important;}.fusion-builder-column-2 > .fusion-column-wrapper {margin-right : 1.92%;margin-left : 1.92%;}}@media only screen and (max-width:640px) {.fusion-body .fusion-builder-column-2{width:100% !important;}.fusion-builder-column-2 > .fusion-column-wrapper {margin-right : 1.92%;margin-left : 1.92%;}}<\/style><\/div><\/div><style type=\"text\/css\">.fusion-body .fusion-flex-container.fusion-builder-row-1{ padding-top : 80px;margin-top : 0px;padding-right : 0px;padding-bottom : 90px;margin-bottom : 0px;padding-left : 0px;}<\/style><\/div>\n","protected":false},"excerpt":{"rendered":"","protected":false},"author":13,"featured_media":0,"parent":0,"menu_order":0,"comment_status":"closed","ping_status":"closed","template":"","meta":{"inline_featured_image":false,"footnotes":""},"class_list":["post-9239","page","type-page","status-publish","hentry"],"yoast_head":"<!-- This site is optimized with the Yoast SEO plugin v19.9 - https:\/\/yoast.com\/wordpress\/plugins\/seo\/ -->\n<title>Individuaal\u00f5pe - Practical Consciousness<\/title>\n<meta name=\"robots\" content=\"index, follow, max-snippet:-1, max-image-preview:large, max-video-preview:-1\" \/>\n<link rel=\"canonical\" href=\"https:\/\/practicalconsciousness.com\/et\/individuaalope\/\" \/>\n<meta property=\"og:locale\" content=\"et_EE\" \/>\n<meta property=\"og:type\" content=\"article\" \/>\n<meta property=\"og:title\" content=\"Individuaal\u00f5pe - Practical Consciousness\" \/>\n<meta property=\"og:url\" content=\"https:\/\/practicalconsciousness.com\/et\/individuaalope\/\" \/>\n<meta property=\"og:site_name\" content=\"Practical Consciousness\" \/>\n<meta property=\"article:modified_time\" content=\"2023-08-03T14:54:53+00:00\" \/>\n<meta name=\"twitter:card\" content=\"summary_large_image\" \/>\n<meta name=\"twitter:label1\" content=\"Est. reading time\" \/>\n\t<meta name=\"twitter:data1\" content=\"10 minutit\" \/>\n<script type=\"application\/ld+json\" class=\"yoast-schema-graph\">{\"@context\":\"https:\/\/schema.org\",\"@graph\":[{\"@type\":\"WebPage\",\"@id\":\"https:\/\/practicalconsciousness.com\/et\/individuaalope\/\",\"url\":\"https:\/\/practicalconsciousness.com\/et\/individuaalope\/\",\"name\":\"Individuaal\u00f5pe - Practical Consciousness\",\"isPartOf\":{\"@id\":\"https:\/\/practicalconsciousness.com\/et\/#website\"},\"datePublished\":\"2023-06-22T16:43:51+00:00\",\"dateModified\":\"2023-08-03T14:54:53+00:00\",\"breadcrumb\":{\"@id\":\"https:\/\/practicalconsciousness.com\/et\/individuaalope\/#breadcrumb\"},\"inLanguage\":\"et\",\"potentialAction\":[{\"@type\":\"ReadAction\",\"target\":[\"https:\/\/practicalconsciousness.com\/et\/individuaalope\/\"]}]},{\"@type\":\"BreadcrumbList\",\"@id\":\"https:\/\/practicalconsciousness.com\/et\/individuaalope\/#breadcrumb\",\"itemListElement\":[{\"@type\":\"ListItem\",\"position\":1,\"name\":\"Home\",\"item\":\"https:\/\/practicalconsciousness.com\/et\/\"},{\"@type\":\"ListItem\",\"position\":2,\"name\":\"Individuaal\u00f5pe\"}]},{\"@type\":\"WebSite\",\"@id\":\"https:\/\/practicalconsciousness.com\/et\/#website\",\"url\":\"https:\/\/practicalconsciousness.com\/et\/\",\"name\":\"Practical Consciousness\",\"description\":\"Change your inner world\",\"potentialAction\":[{\"@type\":\"SearchAction\",\"target\":{\"@type\":\"EntryPoint\",\"urlTemplate\":\"https:\/\/practicalconsciousness.com\/et\/?s={search_term_string}\"},\"query-input\":\"required name=search_term_string\"}],\"inLanguage\":\"et\"}]}<\/script>\n<!-- \/ Yoast SEO plugin. -->","yoast_head_json":{"title":"Individuaal\u00f5pe - Practical Consciousness","robots":{"index":"index","follow":"follow","max-snippet":"max-snippet:-1","max-image-preview":"max-image-preview:large","max-video-preview":"max-video-preview:-1"},"canonical":"https:\/\/practicalconsciousness.com\/et\/individuaalope\/","og_locale":"et_EE","og_type":"article","og_title":"Individuaal\u00f5pe - Practical Consciousness","og_url":"https:\/\/practicalconsciousness.com\/et\/individuaalope\/","og_site_name":"Practical Consciousness","article_modified_time":"2023-08-03T14:54:53+00:00","twitter_card":"summary_large_image","twitter_misc":{"Est. reading time":"10 minutit"},"schema":{"@context":"https:\/\/schema.org","@graph":[{"@type":"WebPage","@id":"https:\/\/practicalconsciousness.com\/et\/individuaalope\/","url":"https:\/\/practicalconsciousness.com\/et\/individuaalope\/","name":"Individuaal\u00f5pe - Practical Consciousness","isPartOf":{"@id":"https:\/\/practicalconsciousness.com\/et\/#website"},"datePublished":"2023-06-22T16:43:51+00:00","dateModified":"2023-08-03T14:54:53+00:00","breadcrumb":{"@id":"https:\/\/practicalconsciousness.com\/et\/individuaalope\/#breadcrumb"},"inLanguage":"et","potentialAction":[{"@type":"ReadAction","target":["https:\/\/practicalconsciousness.com\/et\/individuaalope\/"]}]},{"@type":"BreadcrumbList","@id":"https:\/\/practicalconsciousness.com\/et\/individuaalope\/#breadcrumb","itemListElement":[{"@type":"ListItem","position":1,"name":"Home","item":"https:\/\/practicalconsciousness.com\/et\/"},{"@type":"ListItem","position":2,"name":"Individuaal\u00f5pe"}]},{"@type":"WebSite","@id":"https:\/\/practicalconsciousness.com\/et\/#website","url":"https:\/\/practicalconsciousness.com\/et\/","name":"Practical Consciousness","description":"Change your inner world","potentialAction":[{"@type":"SearchAction","target":{"@type":"EntryPoint","urlTemplate":"https:\/\/practicalconsciousness.com\/et\/?s={search_term_string}"},"query-input":"required name=search_term_string"}],"inLanguage":"et"}]}},"_links":{"self":[{"href":"https:\/\/practicalconsciousness.com\/et\/wp-json\/wp\/v2\/pages\/9239","targetHints":{"allow":["GET"]}}],"collection":[{"href":"https:\/\/practicalconsciousness.com\/et\/wp-json\/wp\/v2\/pages"}],"about":[{"href":"https:\/\/practicalconsciousness.com\/et\/wp-json\/wp\/v2\/types\/page"}],"author":[{"embeddable":true,"href":"https:\/\/practicalconsciousness.com\/et\/wp-json\/wp\/v2\/users\/13"}],"replies":[{"embeddable":true,"href":"https:\/\/practicalconsciousness.com\/et\/wp-json\/wp\/v2\/comments?post=9239"}],"version-history":[{"count":10,"href":"https:\/\/practicalconsciousness.com\/et\/wp-json\/wp\/v2\/pages\/9239\/revisions"}],"predecessor-version":[{"id":9842,"href":"https:\/\/practicalconsciousness.com\/et\/wp-json\/wp\/v2\/pages\/9239\/revisions\/9842"}],"wp:attachment":[{"href":"https:\/\/practicalconsciousness.com\/et\/wp-json\/wp\/v2\/media?parent=9239"}],"curies":[{"name":"wp","href":"https:\/\/api.w.org\/{rel}","templated":true}]}}