{"id":4575,"date":"2022-03-04T17:43:34","date_gmt":"2022-03-04T17:43:34","guid":{"rendered":"https:\/\/practicalconsciousness.com\/?page_id=4575"},"modified":"2024-11-25T14:16:54","modified_gmt":"2024-11-25T14:16:54","slug":"raamat","status":"publish","type":"page","link":"https:\/\/practicalconsciousness.com\/et\/raamat\/","title":{"rendered":"Raamat"},"content":{"rendered":"<div class=\"fusion-fullwidth fullwidth-box fusion-builder-row-1 fusion-flex-container nonhundred-percent-fullwidth non-hundred-percent-height-scrolling\" style=\"background-color: rgba(255,255,255,0);background-position: left top;background-repeat: no-repeat;border-width: 0px 0px 0px 0px;border-color:#e7e4e2;border-style:solid;\" ><div class=\"fusion-builder-row fusion-row fusion-flex-align-items-flex-start\" style=\"max-width:1331.2px;margin-left: calc(-4% \/ 2 );margin-right: calc(-4% \/ 2 );\"><div class=\"fusion-layout-column fusion_builder_column fusion-builder-column-0 fusion_builder_column_1_6 1_6 fusion-flex-column fusion-no-small-visibility\"><div class=\"fusion-column-wrapper fusion-flex-justify-content-flex-start fusion-content-layout-column\" style=\"background-position:left top;background-blend-mode: overlay;background-repeat:no-repeat;-webkit-background-size:cover;-moz-background-size:cover;-o-background-size:cover;background-size:cover;padding: 0px 0px 0px 0px;\"><\/div><style type=\"text\/css\">.fusion-body .fusion-builder-column-0{width:16.666666666667% !important;margin-top : 10px;margin-bottom : 10px;}.fusion-builder-column-0 > .fusion-column-wrapper {padding-top : 0px !important;padding-right : 0px !important;margin-right : 11.52%;padding-bottom : 0px !important;padding-left : 0px !important;margin-left : 11.52%;}@media only screen and (max-width:1024px) {.fusion-body .fusion-builder-column-0{width:100% !important;}.fusion-builder-column-0 > .fusion-column-wrapper {margin-right : 1.92%;margin-left : 1.92%;}}@media only screen and (max-width:640px) {.fusion-body .fusion-builder-column-0{width:100% !important;}.fusion-builder-column-0 > .fusion-column-wrapper {margin-right : 1.92%;margin-left : 1.92%;}}<\/style><\/div><div class=\"fusion-layout-column fusion_builder_column fusion-builder-column-1 fusion_builder_column_2_3 2_3 fusion-flex-column\"><div class=\"fusion-column-wrapper fusion-flex-justify-content-flex-start fusion-content-layout-column\" style=\"background-position:left top;background-blend-mode: overlay;background-repeat:no-repeat;-webkit-background-size:cover;-moz-background-size:cover;-o-background-size:cover;background-size:cover;padding: 0px 0px 0px 0px;\"><style type=\"text\/css\">@media only screen and (max-width:1024px) {.fusion-title.fusion-title-1{margin-top:18px!important; margin-right:0px!important;margin-bottom:30px!important;margin-left:0px!important;}}@media only screen and (max-width:640px) {.fusion-title.fusion-title-1{margin-top:10px!important; margin-right:0px!important;margin-bottom:20px!important; margin-left:0px!important;}}<\/style><div class=\"fusion-title title fusion-title-1 fusion-sep-none fusion-title-center fusion-title-text fusion-title-size-one\" style=\"margin-top:18px;margin-right:0px;margin-bottom:30px;margin-left:0px;\"><h1 class=\"title-heading-center fusion-responsive-typography-calculated\" style=\"font-family:&quot;AllRoundGothic-Book&quot;;font-weight:400;margin:0;--fontSize:55;line-height:1.15;\">&#8220;Teadvuse praktiline kasutamine&#8221; v\u00f5ib muuta sinu elu!<\/h1><\/div><style type=\"text\/css\">@media only screen and (max-width:1024px) {.fusion-title.fusion-title-2{margin-top:18px!important; margin-right:0px!important;margin-bottom:30px!important;margin-left:0px!important;}}@media only screen and (max-width:640px) {.fusion-title.fusion-title-2{margin-top:10px!important; margin-right:0px!important;margin-bottom:20px!important; margin-left:0px!important;}}<\/style><div class=\"fusion-title title fusion-title-2 fusion-sep-none fusion-title-center fusion-title-text fusion-title-size-two\" style=\"margin-top:18px;margin-right:0px;margin-bottom:30px;margin-left:0px;\"><h2 class=\"title-heading-center fusion-responsive-typography-calculated\" style=\"font-family:&quot;AllRoundGothic-Book&quot;;font-weight:400;margin:0;--fontSize:34;line-height:1.47;\">Soeta raamat ja alusta paremat elu<\/h2><\/div><div class=\"fusion-separator\" style=\"align-self: center;margin-left: auto;margin-right: auto;margin-bottom:45px;width:100%;max-width:170px;\"><div class=\"fusion-separator-border sep-single sep-solid\" style=\"border-color:var(--awb-color5);border-top-width:2px;\"><\/div><\/div><div style=\"text-align:center;\"><span class=\" fusion-imageframe imageframe-none imageframe-1 hover-type-none\"><a class=\"fusion-no-lightbox\" href=\"https:\/\/www.apollo.ee\/teadvuse-praktiline-kasutamine.html \" target=\"_self\" aria-label=\"Teadvuse praktiline kasutamine raamat\"><img decoding=\"async\" width=\"520\" height=\"561\" src=\"https:\/\/practicalconsciousness.com\/wp-content\/uploads\/2023\/05\/Teadvuse-praktiline-kasutamine-raamat.png\" data-orig-src=\"https:\/\/practicalconsciousness.com\/wp-content\/uploads\/2023\/05\/Teadvuse-praktiline-kasutamine-raamat.png\" alt class=\"lazyload img-responsive wp-image-9017\" srcset=\"data:image\/svg+xml,%3Csvg%20xmlns%3D%27http%3A%2F%2Fwww.w3.org%2F2000%2Fsvg%27%20width%3D%27520%27%20height%3D%27561%27%20viewBox%3D%270%200%20520%20561%27%3E%3Crect%20width%3D%27520%27%20height%3D%27561%27%20fill-opacity%3D%220%22%2F%3E%3C%2Fsvg%3E\" data-srcset=\"https:\/\/practicalconsciousness.com\/wp-content\/uploads\/2023\/05\/Teadvuse-praktiline-kasutamine-raamat-200x216.png 200w, https:\/\/practicalconsciousness.com\/wp-content\/uploads\/2023\/05\/Teadvuse-praktiline-kasutamine-raamat-400x432.png 400w, https:\/\/practicalconsciousness.com\/wp-content\/uploads\/2023\/05\/Teadvuse-praktiline-kasutamine-raamat.png 520w\" data-sizes=\"auto\" data-orig-sizes=\"(max-width: 1024px) 100vw, (max-width: 640px) 100vw, 520px\" \/><\/a><\/span><\/div><div class=\"fusion-text fusion-text-1\" style=\"text-align:justify;text-transform:none;\"><p>Raamatus <em>\u201c<\/em><em>Teadvuse praktiline kasutamine: kuidas vabaneda emotsioonide kammitsaist ja nautida elamise r\u00f5\u00f5mu<\/em><em>\u201d<\/em> avaldab Ingvar Villido saladuse, mis v\u00f5ib muuta su elu. Sa ei ole sunnitud kannatama oma negatiivsete emotsioonide all. Saad need hoopis k\u00f5rvaldada, kiiresti ja kergelt, kasutades selles raamatus toodud lihtsaid tehnikaid, mis aitavad sul l\u00f5ppkokkuv\u00f5ttes elada vabamat ja \u00f5nnelikumat elu.<\/p>\n<p><em>\u201eTeadvuse praktiline kasutamine\u201c <\/em>on t\u00e4is erilisi, \u00fcliefektiivseid tehnikaid, mis aitavad sul p\u00e4\u00e4seda r\u00f5huvate emotsioonide koorma alt ja p\u00f6\u00f6rata oma elu paremuse poole.<\/p>\n<p><strong>Eriline v\u00f5imalus!<\/strong> Lisaks raamatule on sul v\u00f5imalus <strong>kohe vaadata eelsalvestatud veebinari<\/strong>, kus raamatu autor jagab ise oma teose s\u00fcgavamaid t\u00e4henduskihte, olulisi praktilisi n\u00e4pun\u00e4iteid ja vastab k\u00f5ige sagedamini esitatud k\u00fcsimustele. See on hindamatu v\u00f5imalus s\u00fcvendada oma arusaama raamatu p\u00f5hiteemadest ja saada otsest juhendamist autorilt endalt. <a href=\"https:\/\/youtu.be\/_72Qu6fGjhc\">Vaata veebinari siin<\/a>!<\/p>\n<\/div><div class=\"klaviyo-form-SQHHgC\"><\/div><div class=\"fusion-separator fusion-full-width-sep\" style=\"align-self: center;margin-left: auto;margin-right: auto;margin-top:40px;width:100%;\"><\/div><div class=\"fusion-builder-row fusion-builder-row-inner fusion-row fusion-flex-align-items-flex-start\" style=\"width:104% !important;max-width:104% !important;margin-left: calc(-4% \/ 2 );margin-right: calc(-4% \/ 2 );\"><div class=\"fusion-layout-column fusion_builder_column_inner fusion-builder-nested-column-0 fusion_builder_column_inner_1_2 1_2 fusion-flex-column\"><div class=\"fusion-column-wrapper fusion-flex-justify-content-flex-start fusion-content-layout-column\" style=\"background-position:left top;background-repeat:no-repeat;-webkit-background-size:cover;-moz-background-size:cover;-o-background-size:cover;background-size:cover;padding: 0px 0px 0px 0px;\"><div style=\"text-align:left;\"><style>.fusion-body .fusion-button.button-1 .fusion-button-text,.fusion-body .fusion-button.button-1 i{color:var(--awb-color5);}.fusion-body .fusion-button.button-1{border-color:var(--awb-color5);border-width:2px 2px 2px 2px;border-radius:30px 30px 30px 30px;background:var(--awb-color1);}.fusion-body .fusion-button.button-1:hover .fusion-button-text,.fusion-body .fusion-button.button-1:hover i,.fusion-body .fusion-button.button-1:focus .fusion-button-text,.fusion-body .fusion-button.button-1:focus i,.fusion-body .fusion-button.button-1:active .fusion-button-text,.fusion-body .fusion-button.button-1:active i{color:#ffffff;}.fusion-body .fusion-button.button-1:hover,.fusion-body .fusion-button.button-1:active,.fusion-body .fusion-button.button-1:focus{border-color:var(--awb-color5);border-width:2px 2px 2px 2px;background:#c12026;}<\/style><a class=\"fusion-button button-flat fusion-button-default-size button-custom button-1 fusion-button-default-span fusion-button-default-type\" target=\"_self\" href=\"https:\/\/ingvarvillido.com\/et\/teadvuse-praktiline-kasutamine-raamat\/\" style=\"width:calc(100%);\"><span class=\"fusion-button-text\">Loe lisaks<\/span><\/a><\/div><\/div><style type=\"text\/css\">.fusion-body .fusion-builder-nested-column-0{width:50% !important;margin-top : 10px;margin-bottom : 10px;}.fusion-builder-nested-column-0 > .fusion-column-wrapper {padding-top : 0px !important;padding-right : 0px !important;margin-right : 3.84%;padding-bottom : 0px !important;padding-left : 0px !important;margin-left : 3.84%;}@media only screen and (max-width:1024px) {.fusion-body .fusion-builder-nested-column-0{width:100% !important;order : 0;}.fusion-builder-nested-column-0 > .fusion-column-wrapper {margin-right : 1.92%;margin-left : 1.92%;}}@media only screen and (max-width:640px) {.fusion-body .fusion-builder-nested-column-0{width:100% !important;order : 0;}.fusion-builder-nested-column-0 > .fusion-column-wrapper {margin-right : 1.92%;margin-left : 1.92%;}}<\/style><\/div><div class=\"fusion-layout-column fusion_builder_column_inner fusion-builder-nested-column-1 fusion_builder_column_inner_1_2 1_2 fusion-flex-column\"><div class=\"fusion-column-wrapper fusion-flex-justify-content-flex-start fusion-content-layout-column\" style=\"background-position:left top;background-repeat:no-repeat;-webkit-background-size:cover;-moz-background-size:cover;-o-background-size:cover;background-size:cover;padding: 0px 0px 0px 0px;\"><div style=\"text-align:right;\"><style>.fusion-body .fusion-button.button-2{border-radius:30px 30px 30px 30px;}<\/style><a class=\"fusion-button button-flat fusion-button-default-size button-default button-2 fusion-button-default-span fusion-button-default-type\" target=\"_self\" href=\"https:\/\/pood.lilleoru.ee\/et\/toode\/teadvuse-praktiline-kasutamine\" style=\"width:calc(100%);\"><span class=\"fusion-button-text\">SOETA RAAMAT<\/span><\/a><\/div><\/div><style type=\"text\/css\">.fusion-body .fusion-builder-nested-column-1{width:50% !important;margin-top : 10px;margin-bottom : 10px;}.fusion-builder-nested-column-1 > .fusion-column-wrapper {padding-top : 0px !important;padding-right : 0px !important;margin-right : 3.84%;padding-bottom : 0px !important;padding-left : 0px !important;margin-left : 3.84%;}@media only screen and (max-width:1024px) {.fusion-body .fusion-builder-nested-column-1{width:100% !important;order : 0;}.fusion-builder-nested-column-1 > .fusion-column-wrapper {margin-right : 1.92%;margin-left : 1.92%;}}@media only screen and (max-width:640px) {.fusion-body .fusion-builder-nested-column-1{width:100% !important;order : 0;}.fusion-builder-nested-column-1 > .fusion-column-wrapper {margin-right : 1.92%;margin-left : 1.92%;}}<\/style><\/div><\/div><div class=\"fusion-separator fusion-full-width-sep\" style=\"align-self: center;margin-left: auto;margin-right: auto;margin-top:40px;width:100%;\"><\/div><style type=\"text\/css\">@media only screen and (max-width:1024px) {.fusion-title.fusion-title-3{margin-top:18px!important; margin-right:0px!important;margin-bottom:30px!important;margin-left:0px!important;}}@media only screen and (max-width:640px) {.fusion-title.fusion-title-3{margin-top:10px!important; margin-right:0px!important;margin-bottom:20px!important; margin-left:0px!important;}}<\/style><div class=\"fusion-title title fusion-title-3 fusion-sep-none fusion-title-center fusion-title-text fusion-title-size-two\" style=\"margin-top:18px;margin-right:0px;margin-bottom:30px;margin-left:0px;\"><h2 class=\"title-heading-center fusion-responsive-typography-calculated\" style=\"font-family:&quot;AllRoundGothic-Book&quot;;font-weight:400;margin:0;--fontSize:34;line-height:1.47;\">Vaata <span lang=\"ET\">saadet<\/span> kohalolust ja teadvuse praktilisest kasutamisest Ingvar Villidoga Chris Kala podcastis<span lang=\"ET\">:<\/span><\/h2><\/div><div class=\"fusion-video fusion-youtube\" style=\"max-width:600px;max-height:360px;align-self:center; width:100%;\"><div class=\"video-shortcode\"><lite-youtube videoid=\"kxcyUkEz8Yo\" params=\"wmode=transparent&autoplay=1&enablejsapi=1\" title=\"YouTube video player 1\"><\/lite-youtube><\/div><\/div><div class=\"fusion-separator fusion-full-width-sep\" style=\"align-self: center;margin-left: auto;margin-right: auto;margin-top:40px;width:100%;\"><\/div><div class=\"fusion-text fusion-text-2\" style=\"text-align:justify;text-transform:none;margin-top:20px;\"><p style=\"text-align: left;\">Raamat ilmus esmalt inglise keeles ja j\u00f5udis USA Amazoni veebikaubamajas enesearengu kategooriate bestselleriks. Loe pressiteadet <a href=\"https:\/\/practicalconsciousness.com\/wp-content\/uploads\/2023\/05\/PRESSITEADE-uuendatud-21.04.2023-\u2013-Eesti-autori-raamat-tousis-USA-s-menukiks-29.04.2022.pdf\" target=\"_blank\" rel=\"noopener\">siin<\/a>.<\/p>\n<ul>\n<li style=\"text-align: left;\">Vaata ingliskeelse raamatu ilmumise\u00a0<a href=\"https:\/\/raamatud.postimees.ee\/7511492\/eesti-autori-raamat-to-usis-usas-menukiks\">uudist<\/a>\u00a0ja eestikeelse raamatu ilmumise <a href=\"https:\/\/raamatud.postimees.ee\/7638522\/ingvar-villido-uues-raamatus-enesejuhtimise-voti-peitub-emotsioonide-juhtimises\">uudist<\/a> Postimehe Raamatuportaalis<\/li>\n<li style=\"text-align: left;\">Kuula \u00c4rip\u00e4eva raadio hommikuprogrammi\u00a0<a href=\"https:\/\/www.aripaev.ee\/saated\/2022\/05\/12\/bestselleri-autor-trukikojas-trukkimine-on-liiga-tulikas\">intervjuud<\/a>\u00a0Ingvar Villidoga<\/li>\n<li style=\"text-align: left;\">Vaata TV3 Stuudio <a href=\"https:\/\/play.tv3.ee\/news\/ingvar-villido,clip-4823992?fbclid=IwAR1zRaqRQ8sAGijuy9lQjzqT5mNEuaqlSMThvEgqJjKa5YYjbhumH4_v29c\">intervjuulugu<\/a> \u201eMille poolest sarnanevad emotsioonid loodusj\u00f5ududega&#8221;<\/li>\n<li style=\"text-align: left;\">Eestikeelne raamat j\u00f5udis enne esitlust Eesti raamatum\u00fc\u00fcgi edetabelites esikohale ja oli 2023. aastal Apollo enimostetud raamatute <a href=\"https:\/\/raamatud.postimees.ee\/7916884\/top-100-vaata-millised-on-selle-aasta-koige-muudumad-raamatud\">Top 3<\/a> hulgas<\/li>\n<li style=\"text-align: left;\">Vaata raamatu Tallinna esitluse <a href=\"https:\/\/raamatud.postimees.ee\/7784444\/galerii-ja-video-ingvar-villido-raamatu-esitlus-toi-raamatupoodi-viimaste-aastate-suurima-publiku\">uudist<\/a> ja galeriid Postimehe Raamatuportaalis<\/li>\n<li style=\"text-align: left;\">Loe <a href=\"https:\/\/naistekas.delfi.ee\/artikkel\/120103918\/need-ei-ole-uksnes-tuhjad-sonad-kui-sonastad-umber-tuuplaused-mida-lahedastele-utled-paranevad-suhted-kohe\">artiklit<\/a> kuidas m\u00f5jutavad emotsioonid meie s\u00f5pru ja l\u00e4hedasi ja <a href=\"https:\/\/naistekas.delfi.ee\/artikkel\/120188768\/emotsioonide-allasurumine-pohjustab-stressi-ja-arevust-tohus-viis-kuidas-sellest-noiaringist-vabaneda\">artiklit<\/a> kuidas emotsioonide allasurumine p\u00f5hjustab stressi ja \u00e4revust Delfi Naistekast<\/li>\n<li style=\"text-align: left;\">Loe Ingvar Villido <a href=\"https:\/\/raamatud.postimees.ee\/7775847\/ingvar-villido-selgitab-kuidas-tekivad-taustaemotsioonid-ja-kuidas-neid-vabastada\">artiklit<\/a> Postimehes, kuidas tekivad taustaemotsioonid ja kuidas neist vabaneda<\/li>\n<\/ul>\n<\/div><\/div><style type=\"text\/css\">.fusion-body .fusion-builder-column-1{width:66.666666666667% !important;margin-top : 10px;margin-bottom : 30px;}.fusion-builder-column-1 > .fusion-column-wrapper {padding-top : 0px !important;padding-right : 0px !important;margin-right : 2.88%;padding-bottom : 0px !important;padding-left : 0px !important;margin-left : 2.88%;}@media only screen and (max-width:1024px) {.fusion-body .fusion-builder-column-1{width:100% !important;}.fusion-builder-column-1 > .fusion-column-wrapper {margin-right : 1.92%;margin-left : 1.92%;}}@media only screen and (max-width:640px) {.fusion-body .fusion-builder-column-1{width:100% !important;}.fusion-builder-column-1 > .fusion-column-wrapper {margin-right : 1.92%;margin-left : 1.92%;}}<\/style><\/div><div class=\"fusion-layout-column fusion_builder_column fusion-builder-column-2 fusion_builder_column_1_6 1_6 fusion-flex-column fusion-no-small-visibility fusion-no-medium-visibility\"><div class=\"fusion-column-wrapper fusion-flex-justify-content-flex-start fusion-content-layout-column\" style=\"background-position:left top;background-blend-mode: overlay;background-repeat:no-repeat;-webkit-background-size:cover;-moz-background-size:cover;-o-background-size:cover;background-size:cover;padding: 0px 0px 0px 0px;\"><div class=\"fusion-separator fusion-full-width-sep\" style=\"align-self: center;margin-left: auto;margin-right: auto;margin-top:20px;width:100%;\"><\/div><\/div><style type=\"text\/css\">.fusion-body .fusion-builder-column-2{width:16.666666666667% !important;margin-top : 10px;margin-bottom : 10px;}.fusion-builder-column-2 > .fusion-column-wrapper {padding-top : 0px !important;padding-right : 0px !important;margin-right : 11.52%;padding-bottom : 0px !important;padding-left : 0px !important;margin-left : 11.52%;}@media only screen and (max-width:1024px) {.fusion-body .fusion-builder-column-2{width:100% !important;}.fusion-builder-column-2 > .fusion-column-wrapper {margin-right : 1.92%;margin-left : 1.92%;}}@media only screen and (max-width:640px) {.fusion-body .fusion-builder-column-2{width:100% !important;}.fusion-builder-column-2 > .fusion-column-wrapper {margin-right : 1.92%;margin-left : 1.92%;}}<\/style><\/div><\/div><style type=\"text\/css\">.fusion-body .fusion-flex-container.fusion-builder-row-1{ padding-top : 80px;margin-top : 0px;padding-right : 0px;padding-bottom : 90px;margin-bottom : 0px;padding-left : 0px;}@media only screen and (max-width:1024px) {.fusion-body .fusion-flex-container.fusion-builder-row-1{ padding-top : 60px;}}<\/style><\/div>\n","protected":false},"excerpt":{"rendered":"","protected":false},"author":1,"featured_media":0,"parent":0,"menu_order":0,"comment_status":"closed","ping_status":"closed","template":"100-width.php","meta":{"inline_featured_image":false,"footnotes":""},"class_list":["post-4575","page","type-page","status-publish","hentry"],"yoast_head":"<!-- This site is optimized with the Yoast SEO plugin v19.9 - https:\/\/yoast.com\/wordpress\/plugins\/seo\/ -->\n<title>Raamat - Practical Consciousness<\/title>\n<meta name=\"robots\" content=\"index, follow, max-snippet:-1, max-image-preview:large, max-video-preview:-1\" \/>\n<link rel=\"canonical\" href=\"https:\/\/practicalconsciousness.com\/et\/raamat\/\" \/>\n<meta property=\"og:locale\" content=\"et_EE\" \/>\n<meta property=\"og:type\" content=\"article\" \/>\n<meta property=\"og:title\" content=\"Raamat - Practical Consciousness\" \/>\n<meta property=\"og:url\" content=\"https:\/\/practicalconsciousness.com\/et\/raamat\/\" \/>\n<meta property=\"og:site_name\" content=\"Practical Consciousness\" \/>\n<meta property=\"article:modified_time\" content=\"2024-11-25T14:16:54+00:00\" \/>\n<meta name=\"twitter:card\" content=\"summary_large_image\" \/>\n<meta name=\"twitter:label1\" content=\"Est. reading time\" \/>\n\t<meta name=\"twitter:data1\" content=\"14 minutit\" \/>\n<script type=\"application\/ld+json\" class=\"yoast-schema-graph\">{\"@context\":\"https:\/\/schema.org\",\"@graph\":[{\"@type\":\"WebPage\",\"@id\":\"https:\/\/practicalconsciousness.com\/et\/raamat\/\",\"url\":\"https:\/\/practicalconsciousness.com\/et\/raamat\/\",\"name\":\"Raamat - Practical Consciousness\",\"isPartOf\":{\"@id\":\"https:\/\/practicalconsciousness.com\/et\/#website\"},\"datePublished\":\"2022-03-04T17:43:34+00:00\",\"dateModified\":\"2024-11-25T14:16:54+00:00\",\"breadcrumb\":{\"@id\":\"https:\/\/practicalconsciousness.com\/et\/raamat\/#breadcrumb\"},\"inLanguage\":\"et\",\"potentialAction\":[{\"@type\":\"ReadAction\",\"target\":[\"https:\/\/practicalconsciousness.com\/et\/raamat\/\"]}]},{\"@type\":\"BreadcrumbList\",\"@id\":\"https:\/\/practicalconsciousness.com\/et\/raamat\/#breadcrumb\",\"itemListElement\":[{\"@type\":\"ListItem\",\"position\":1,\"name\":\"Home\",\"item\":\"https:\/\/practicalconsciousness.com\/et\/\"},{\"@type\":\"ListItem\",\"position\":2,\"name\":\"Raamat\"}]},{\"@type\":\"WebSite\",\"@id\":\"https:\/\/practicalconsciousness.com\/et\/#website\",\"url\":\"https:\/\/practicalconsciousness.com\/et\/\",\"name\":\"Practical Consciousness\",\"description\":\"Change your inner world\",\"potentialAction\":[{\"@type\":\"SearchAction\",\"target\":{\"@type\":\"EntryPoint\",\"urlTemplate\":\"https:\/\/practicalconsciousness.com\/et\/?s={search_term_string}\"},\"query-input\":\"required name=search_term_string\"}],\"inLanguage\":\"et\"}]}<\/script>\n<!-- \/ Yoast SEO plugin. -->","yoast_head_json":{"title":"Raamat - Practical Consciousness","robots":{"index":"index","follow":"follow","max-snippet":"max-snippet:-1","max-image-preview":"max-image-preview:large","max-video-preview":"max-video-preview:-1"},"canonical":"https:\/\/practicalconsciousness.com\/et\/raamat\/","og_locale":"et_EE","og_type":"article","og_title":"Raamat - Practical Consciousness","og_url":"https:\/\/practicalconsciousness.com\/et\/raamat\/","og_site_name":"Practical Consciousness","article_modified_time":"2024-11-25T14:16:54+00:00","twitter_card":"summary_large_image","twitter_misc":{"Est. reading time":"14 minutit"},"schema":{"@context":"https:\/\/schema.org","@graph":[{"@type":"WebPage","@id":"https:\/\/practicalconsciousness.com\/et\/raamat\/","url":"https:\/\/practicalconsciousness.com\/et\/raamat\/","name":"Raamat - Practical Consciousness","isPartOf":{"@id":"https:\/\/practicalconsciousness.com\/et\/#website"},"datePublished":"2022-03-04T17:43:34+00:00","dateModified":"2024-11-25T14:16:54+00:00","breadcrumb":{"@id":"https:\/\/practicalconsciousness.com\/et\/raamat\/#breadcrumb"},"inLanguage":"et","potentialAction":[{"@type":"ReadAction","target":["https:\/\/practicalconsciousness.com\/et\/raamat\/"]}]},{"@type":"BreadcrumbList","@id":"https:\/\/practicalconsciousness.com\/et\/raamat\/#breadcrumb","itemListElement":[{"@type":"ListItem","position":1,"name":"Home","item":"https:\/\/practicalconsciousness.com\/et\/"},{"@type":"ListItem","position":2,"name":"Raamat"}]},{"@type":"WebSite","@id":"https:\/\/practicalconsciousness.com\/et\/#website","url":"https:\/\/practicalconsciousness.com\/et\/","name":"Practical Consciousness","description":"Change your inner world","potentialAction":[{"@type":"SearchAction","target":{"@type":"EntryPoint","urlTemplate":"https:\/\/practicalconsciousness.com\/et\/?s={search_term_string}"},"query-input":"required name=search_term_string"}],"inLanguage":"et"}]}},"_links":{"self":[{"href":"https:\/\/practicalconsciousness.com\/et\/wp-json\/wp\/v2\/pages\/4575","targetHints":{"allow":["GET"]}}],"collection":[{"href":"https:\/\/practicalconsciousness.com\/et\/wp-json\/wp\/v2\/pages"}],"about":[{"href":"https:\/\/practicalconsciousness.com\/et\/wp-json\/wp\/v2\/types\/page"}],"author":[{"embeddable":true,"href":"https:\/\/practicalconsciousness.com\/et\/wp-json\/wp\/v2\/users\/1"}],"replies":[{"embeddable":true,"href":"https:\/\/practicalconsciousness.com\/et\/wp-json\/wp\/v2\/comments?post=4575"}],"version-history":[{"count":65,"href":"https:\/\/practicalconsciousness.com\/et\/wp-json\/wp\/v2\/pages\/4575\/revisions"}],"predecessor-version":[{"id":11407,"href":"https:\/\/practicalconsciousness.com\/et\/wp-json\/wp\/v2\/pages\/4575\/revisions\/11407"}],"wp:attachment":[{"href":"https:\/\/practicalconsciousness.com\/et\/wp-json\/wp\/v2\/media?parent=4575"}],"curies":[{"name":"wp","href":"https:\/\/api.w.org\/{rel}","templated":true}]}}