{"id":4513,"date":"2022-02-28T16:42:16","date_gmt":"2022-02-28T16:42:16","guid":{"rendered":"https:\/\/practicalconsciousness.com\/?page_id=4513"},"modified":"2026-02-25T17:23:07","modified_gmt":"2026-02-25T17:23:07","slug":"v-kursus-voo-seisund","status":"publish","type":"page","link":"https:\/\/practicalconsciousness.com\/et\/ope\/v-kursus-voo-seisund\/","title":{"rendered":"V kursus: VOOSEISUND"},"content":{"rendered":"<div class=\"fusion-fullwidth fullwidth-box fusion-builder-row-1 fusion-flex-container nonhundred-percent-fullwidth non-hundred-percent-height-scrolling\" style=\"background-color: rgba(255,255,255,0);background-position: left top;background-repeat: no-repeat;border-width: 0px 0px 0px 0px;border-color:#e7e4e2;border-style:solid;\" ><div class=\"fusion-builder-row fusion-row fusion-flex-align-items-flex-start\" style=\"max-width:1331.2px;margin-left: calc(-4% \/ 2 );margin-right: calc(-4% \/ 2 );\"><div class=\"fusion-layout-column fusion_builder_column fusion-builder-column-0 fusion_builder_column_1_6 1_6 fusion-flex-column fusion-no-small-visibility\"><div class=\"fusion-column-wrapper fusion-flex-justify-content-flex-start fusion-content-layout-column\" style=\"background-position:left top;background-blend-mode: overlay;background-repeat:no-repeat;-webkit-background-size:cover;-moz-background-size:cover;-o-background-size:cover;background-size:cover;padding: 0px 0px 0px 0px;\"><\/div><style type=\"text\/css\">.fusion-body .fusion-builder-column-0{width:16.666666666667% !important;margin-top : 10px;margin-bottom : 10px;}.fusion-builder-column-0 > .fusion-column-wrapper {padding-top : 0px !important;padding-right : 0px !important;margin-right : 11.52%;padding-bottom : 0px !important;padding-left : 0px !important;margin-left : 11.52%;}@media only screen and (max-width:1024px) {.fusion-body .fusion-builder-column-0{width:100% !important;}.fusion-builder-column-0 > .fusion-column-wrapper {margin-right : 1.92%;margin-left : 1.92%;}}@media only screen and (max-width:640px) {.fusion-body .fusion-builder-column-0{width:100% !important;}.fusion-builder-column-0 > .fusion-column-wrapper {margin-right : 1.92%;margin-left : 1.92%;}}<\/style><\/div><div class=\"fusion-layout-column fusion_builder_column fusion-builder-column-1 fusion_builder_column_2_3 2_3 fusion-flex-column\"><div class=\"fusion-column-wrapper fusion-flex-justify-content-flex-start fusion-content-layout-column\" style=\"background-position:left top;background-blend-mode: overlay;background-repeat:no-repeat;-webkit-background-size:cover;-moz-background-size:cover;-o-background-size:cover;background-size:cover;padding: 0px 0px 0px 0px;\"><style type=\"text\/css\">@media only screen and (max-width:1024px) {.fusion-title.fusion-title-1{margin-top:18px!important; margin-right:0px!important;margin-bottom:30px!important;margin-left:0px!important;}}@media only screen and (max-width:640px) {.fusion-title.fusion-title-1{margin-top:10px!important; margin-right:0px!important;margin-bottom:20px!important; margin-left:0px!important;}}<\/style><div class=\"fusion-title title fusion-title-1 fusion-sep-none fusion-title-center fusion-title-text fusion-title-size-one\" style=\"margin-top:18px;margin-right:0px;margin-bottom:30px;margin-left:0px;\"><h1 class=\"title-heading-center fusion-responsive-typography-calculated\" style=\"font-family:&quot;AllRoundGothic-Book&quot;;font-weight:400;margin:0;--fontSize:55;line-height:1.15;\">V kursus: VOOSEISUND<\/h1><\/div><div class=\"fusion-separator\" style=\"align-self: center;margin-left: auto;margin-right: auto;margin-bottom:45px;width:100%;max-width:170px;\"><div class=\"fusion-separator-border sep-single sep-solid\" style=\"border-color:var(--awb-color5);border-top-width:2px;\"><\/div><\/div><div class=\"fusion-text fusion-text-1\" style=\"text-align:justify;text-transform:none;\"><p>V kursus juhatab sind vanaviisi elamise paradigmast uude paradigmasse. Selle eesm\u00e4rk on v\u00f5imaldada sul p\u00fcsida katkematus vooseisundis. Et seda saavutada, pead t\u00e4iustama ja arendama oma I-IV kursuse tehnikate kasutamise oskusi.<\/p>\n<p>Inimesed arvavad, et vooseisund tekib juhuslikult, siis kui meil on hea p\u00e4ev ja k\u00f5ik kulgeb soovikohaselt, v\u00f5i siis kui me unustame ennast hetkesse ja lihtsalt kogeme elu vahetult. Kuid sul on v\u00f5imalus j\u00e4\u00e4da alaliselt vooseisundisse.<\/p>\n<p>Ingvar avastas, et enamasti on see m\u00f5tlemine, mis h\u00e4vitab inimeste taiplikkuse ja vooseisundi. Kui \u00f5pid valdama oma intellekti ja s\u00e4ilitama katkematut taipamiste voogu, siis oled t\u00f5eliselt hetkes. See ongi vooseisund. Sa tead, mida teha, m\u00f5istad tekkinud takistuste p\u00f5hjuseid ja leiad sujuvalt toimivaid lahendusi. Sa saad realiseerida oma h\u00e4mmastavat potentsiaali ning j\u00e4tkata kasvamist ja avardumist.<\/p>\n<p>Vooseisund v\u00f5imaldab sul olla pidevas teadlikus tegevuses ilma aega h\u00e4irivatele m\u00f5tetele v\u00f5i emotsioonidele raiskamata. Kui tegutsed iseendana, toimid sa sihip\u00e4raselt ja ostustavalt igas olukorras. K\u00f5ik kahtlused ja k\u00f5hklused on ammu seljatatud. Voos p\u00fcsimine aitab sul t\u00f6\u00f6d tehes olla palju efektiivsem, pidevalt valmis genereerima uusi ideid ning teeb sinust ka parema kaaslase.<\/p>\n<\/div><div class=\"fusion-text fusion-text-2\" style=\"text-align:left;text-transform:none;\"><p>Peale V kursust oled v\u00f5imeline:<\/p>\n<\/div><ul class=\"fusion-checklist fusion-checklist-1\" style=\"font-size:17px;line-height:28.9px;\"><li style=\"background-color:rgba(255,255,255,0);padding-left:5%;\" class=\"fusion-li-item\"><span style=\"height:28.9px;width:28.9px;margin-right:11.9px;\" class=\"icon-wrapper circle-no\"><i class=\"fusion-li-icon awb-icon-check\" style=\"color:#c12026;\" aria-hidden=\"true\"><\/i><\/span><div class=\"fusion-li-item-content\" style=\"margin-left:40.8px;color:var(--awb-color6);\">Looma l\u00e4htuvalt tahtlikust teadvelolekust.<\/div><\/li><li style=\"background-color:rgba(255,255,255,0);padding-left:5%;\" class=\"fusion-li-item\"><span style=\"height:28.9px;width:28.9px;margin-right:11.9px;\" class=\"icon-wrapper circle-no\"><i class=\"fusion-li-icon awb-icon-check\" style=\"color:#c12026;\" aria-hidden=\"true\"><\/i><\/span><div class=\"fusion-li-item-content\" style=\"margin-left:40.8px;color:var(--awb-color6);\">Oma k\u00f5rgeimaid omadusi kasutades saavutama enamat.<\/div><\/li><li style=\"background-color:rgba(255,255,255,0);padding-left:5%;\" class=\"fusion-li-item\"><span style=\"height:28.9px;width:28.9px;margin-right:11.9px;\" class=\"icon-wrapper circle-no\"><i class=\"fusion-li-icon awb-icon-check\" style=\"color:#c12026;\" aria-hidden=\"true\"><\/i><\/span><div class=\"fusion-li-item-content\" style=\"margin-left:40.8px;color:var(--awb-color6);\">Otsustama ja tegutsema v\u00e4lkkiirelt ja habemenoa vahedusega.<\/div><\/li><li style=\"background-color:rgba(255,255,255,0);padding-left:5%;\" class=\"fusion-li-item\"><span style=\"height:28.9px;width:28.9px;margin-right:11.9px;\" class=\"icon-wrapper circle-no\"><i class=\"fusion-li-icon awb-icon-check\" style=\"color:#c12026;\" aria-hidden=\"true\"><\/i><\/span><div class=\"fusion-li-item-content\" style=\"margin-left:40.8px;color:var(--awb-color6);\">Kasutama taipamist ja intuitsiooni enda ja teiste piiratuse \u00fcletamiseks.<\/div><\/li><li style=\"background-color:rgba(255,255,255,0);padding-left:5%;\" class=\"fusion-li-item\"><span style=\"height:28.9px;width:28.9px;margin-right:11.9px;\" class=\"icon-wrapper circle-no\"><i class=\"fusion-li-icon awb-icon-check\" style=\"color:#c12026;\" aria-hidden=\"true\"><\/i><\/span><div class=\"fusion-li-item-content\" style=\"margin-left:40.8px;color:var(--awb-color6);\">Saavutama eesm\u00e4rke piiratud ressursside tingimustes, saavutades edu seal, kus teised eba\u00f5nnestuksid.<\/div><\/li><li style=\"background-color:rgba(255,255,255,0);padding-left:5%;\" class=\"fusion-li-item\"><span style=\"height:28.9px;width:28.9px;margin-right:11.9px;\" class=\"icon-wrapper circle-no\"><i class=\"fusion-li-icon awb-icon-check\" style=\"color:#c12026;\" aria-hidden=\"true\"><\/i><\/span><div class=\"fusion-li-item-content\" style=\"margin-left:40.8px;color:var(--awb-color6);\">\n<p>Olla lakkamatult teadlikus tegevuses ja toimida intellekti tasandil (vooseisundis).<\/p>\n<\/div><\/li><\/ul><div class=\"fusion-separator fusion-full-width-sep\" style=\"align-self: center;margin-left: auto;margin-right: auto;margin-top:20px;margin-bottom:20px;width:100%;\"><\/div><div class=\"fusion-text fusion-text-3\" style=\"text-align:justify;text-transform:none;\"><p style=\"font-weight: 400;\">Kursust\u00a0VOOSEISUND\u00a0viib l\u00e4bi Practical Consciousness\u00a0looja\u00a0Ingvar Villido ning see koosneb \u00fchest\u00a0p\u00f5hip\u00e4evast ja j\u00e4tkup\u00e4evast.\u00a0J\u00e4tkup\u00e4eval antakse vastused k\u00fcsimustele, mis praktikutel tavaliselt tekivad.<\/p>\n<\/div><div class=\"fusion-separator fusion-full-width-sep\" style=\"align-self: center;margin-left: auto;margin-right: auto;margin-top:5px;margin-bottom:5px;width:100%;\"><\/div><style type=\"text\/css\">@media only screen and (max-width:1024px) {.fusion-title.fusion-title-2{margin-top:18px!important; margin-right:0px!important;margin-bottom:30px!important;margin-left:0px!important;}}@media only screen and (max-width:640px) {.fusion-title.fusion-title-2{margin-top:10px!important; margin-right:0px!important;margin-bottom:20px!important; margin-left:0px!important;}}<\/style><div class=\"fusion-title title fusion-title-2 fusion-sep-none fusion-title-text fusion-title-size-two\" style=\"margin-top:18px;margin-right:0px;margin-bottom:30px;margin-left:0px;\"><h2 class=\"title-heading-left fusion-responsive-typography-calculated\" style=\"font-family:&quot;AllRoundGothic-Book&quot;;font-weight:400;margin:0;--fontSize:34;line-height:1.47;\"><p style=\"text-align: center;\">Head s\u00fcvenemist!<\/p><\/h2><\/div><div style=\"text-align:center;\"><style>.fusion-body .fusion-button.button-1{border-radius:30px 30px 30px 30px;}<\/style><a class=\"fusion-button button-flat fusion-button-default-size button-default button-1 fusion-button-span-no fusion-button-default-type\" target=\"_blank\" rel=\"noopener noreferrer\" href=\"https:\/\/fienta.com\/et\/practical-consciousness-5-ingvar-villido-2026\"><span class=\"fusion-button-text\">Registreeru digikursusele<\/span><\/a><\/div><div class=\"fusion-text fusion-text-4\" style=\"text-align:justify;text-transform:none;margin-top:33px;\"><p style=\"text-align: center;\">K\u00fcsimuste korral v\u00f5ta julgelt \u00fchendust<br \/>\n<a href=\"mailto:pc@practicalconsciousness.org\" target=\"_blank\" rel=\"noopener\">pc@<wbr \/>practicalconsciousness.org<\/a>.<\/p>\n<\/div><\/div><style type=\"text\/css\">.fusion-body .fusion-builder-column-1{width:66.666666666667% !important;margin-top : 10px;margin-bottom : 30px;}.fusion-builder-column-1 > .fusion-column-wrapper {padding-top : 0px !important;padding-right : 0px !important;margin-right : 2.88%;padding-bottom : 0px !important;padding-left : 0px !important;margin-left : 2.88%;}@media only screen and (max-width:1024px) {.fusion-body .fusion-builder-column-1{width:100% !important;}.fusion-builder-column-1 > .fusion-column-wrapper {margin-right : 1.92%;margin-left : 1.92%;}}@media only screen and (max-width:640px) {.fusion-body .fusion-builder-column-1{width:100% !important;}.fusion-builder-column-1 > .fusion-column-wrapper {margin-right : 1.92%;margin-left : 1.92%;}}<\/style><\/div><div class=\"fusion-layout-column fusion_builder_column fusion-builder-column-2 fusion_builder_column_1_6 1_6 fusion-flex-column fusion-no-small-visibility fusion-no-medium-visibility\"><div class=\"fusion-column-wrapper fusion-flex-justify-content-flex-start fusion-content-layout-column\" style=\"background-position:left top;background-blend-mode: overlay;background-repeat:no-repeat;-webkit-background-size:cover;-moz-background-size:cover;-o-background-size:cover;background-size:cover;padding: 0px 0px 0px 0px;\"><div class=\"fusion-separator fusion-full-width-sep\" style=\"align-self: center;margin-left: auto;margin-right: auto;margin-top:20px;width:100%;\"><\/div><\/div><style type=\"text\/css\">.fusion-body .fusion-builder-column-2{width:16.666666666667% !important;margin-top : 10px;margin-bottom : 10px;}.fusion-builder-column-2 > .fusion-column-wrapper {padding-top : 0px !important;padding-right : 0px !important;margin-right : 11.52%;padding-bottom : 0px !important;padding-left : 0px !important;margin-left : 11.52%;}@media only screen and (max-width:1024px) {.fusion-body .fusion-builder-column-2{width:100% !important;}.fusion-builder-column-2 > .fusion-column-wrapper {margin-right : 1.92%;margin-left : 1.92%;}}@media only screen and (max-width:640px) {.fusion-body .fusion-builder-column-2{width:100% !important;}.fusion-builder-column-2 > .fusion-column-wrapper {margin-right : 1.92%;margin-left : 1.92%;}}<\/style><\/div><\/div><style type=\"text\/css\">.fusion-body .fusion-flex-container.fusion-builder-row-1{ padding-top : 80px;margin-top : 0px;padding-right : 0px;padding-bottom : 90px;margin-bottom : 0px;padding-left : 0px;}@media only screen and (max-width:1024px) {.fusion-body .fusion-flex-container.fusion-builder-row-1{ padding-top : 60px;}}<\/style><\/div>\n","protected":false},"excerpt":{"rendered":"","protected":false},"author":1,"featured_media":0,"parent":4057,"menu_order":6,"comment_status":"closed","ping_status":"closed","template":"100-width.php","meta":{"inline_featured_image":false,"footnotes":""},"class_list":["post-4513","page","type-page","status-publish","hentry"],"yoast_head":"<!-- This site is optimized with the Yoast SEO plugin v19.9 - https:\/\/yoast.com\/wordpress\/plugins\/seo\/ -->\n<title>V kursus: VOOSEISUND - Practical Consciousness<\/title>\n<meta name=\"robots\" content=\"index, follow, max-snippet:-1, max-image-preview:large, max-video-preview:-1\" \/>\n<link rel=\"canonical\" href=\"https:\/\/practicalconsciousness.com\/et\/ope\/v-kursus-voo-seisund\/\" \/>\n<meta property=\"og:locale\" content=\"et_EE\" \/>\n<meta property=\"og:type\" content=\"article\" \/>\n<meta property=\"og:title\" content=\"V kursus: VOOSEISUND - Practical Consciousness\" \/>\n<meta property=\"og:url\" content=\"https:\/\/practicalconsciousness.com\/et\/ope\/v-kursus-voo-seisund\/\" \/>\n<meta property=\"og:site_name\" content=\"Practical Consciousness\" \/>\n<meta property=\"article:modified_time\" content=\"2026-02-25T17:23:07+00:00\" \/>\n<meta name=\"twitter:card\" content=\"summary_large_image\" \/>\n<meta name=\"twitter:label1\" content=\"Est. reading time\" \/>\n\t<meta name=\"twitter:data1\" content=\"10 minutit\" \/>\n<script type=\"application\/ld+json\" class=\"yoast-schema-graph\">{\"@context\":\"https:\/\/schema.org\",\"@graph\":[{\"@type\":\"WebPage\",\"@id\":\"https:\/\/practicalconsciousness.com\/et\/ope\/v-kursus-voo-seisund\/\",\"url\":\"https:\/\/practicalconsciousness.com\/et\/ope\/v-kursus-voo-seisund\/\",\"name\":\"V kursus: VOOSEISUND - Practical Consciousness\",\"isPartOf\":{\"@id\":\"https:\/\/practicalconsciousness.com\/et\/#website\"},\"datePublished\":\"2022-02-28T16:42:16+00:00\",\"dateModified\":\"2026-02-25T17:23:07+00:00\",\"breadcrumb\":{\"@id\":\"https:\/\/practicalconsciousness.com\/et\/ope\/v-kursus-voo-seisund\/#breadcrumb\"},\"inLanguage\":\"et\",\"potentialAction\":[{\"@type\":\"ReadAction\",\"target\":[\"https:\/\/practicalconsciousness.com\/et\/ope\/v-kursus-voo-seisund\/\"]}]},{\"@type\":\"BreadcrumbList\",\"@id\":\"https:\/\/practicalconsciousness.com\/et\/ope\/v-kursus-voo-seisund\/#breadcrumb\",\"itemListElement\":[{\"@type\":\"ListItem\",\"position\":1,\"name\":\"Home\",\"item\":\"https:\/\/practicalconsciousness.com\/et\/\"},{\"@type\":\"ListItem\",\"position\":2,\"name\":\"\u00d5pe\",\"item\":\"https:\/\/practicalconsciousness.com\/et\/ope\/\"},{\"@type\":\"ListItem\",\"position\":3,\"name\":\"V kursus: VOOSEISUND\"}]},{\"@type\":\"WebSite\",\"@id\":\"https:\/\/practicalconsciousness.com\/et\/#website\",\"url\":\"https:\/\/practicalconsciousness.com\/et\/\",\"name\":\"Practical Consciousness\",\"description\":\"Change your inner world\",\"potentialAction\":[{\"@type\":\"SearchAction\",\"target\":{\"@type\":\"EntryPoint\",\"urlTemplate\":\"https:\/\/practicalconsciousness.com\/et\/?s={search_term_string}\"},\"query-input\":\"required name=search_term_string\"}],\"inLanguage\":\"et\"}]}<\/script>\n<!-- \/ Yoast SEO plugin. -->","yoast_head_json":{"title":"V kursus: VOOSEISUND - Practical Consciousness","robots":{"index":"index","follow":"follow","max-snippet":"max-snippet:-1","max-image-preview":"max-image-preview:large","max-video-preview":"max-video-preview:-1"},"canonical":"https:\/\/practicalconsciousness.com\/et\/ope\/v-kursus-voo-seisund\/","og_locale":"et_EE","og_type":"article","og_title":"V kursus: VOOSEISUND - Practical Consciousness","og_url":"https:\/\/practicalconsciousness.com\/et\/ope\/v-kursus-voo-seisund\/","og_site_name":"Practical Consciousness","article_modified_time":"2026-02-25T17:23:07+00:00","twitter_card":"summary_large_image","twitter_misc":{"Est. reading time":"10 minutit"},"schema":{"@context":"https:\/\/schema.org","@graph":[{"@type":"WebPage","@id":"https:\/\/practicalconsciousness.com\/et\/ope\/v-kursus-voo-seisund\/","url":"https:\/\/practicalconsciousness.com\/et\/ope\/v-kursus-voo-seisund\/","name":"V kursus: VOOSEISUND - Practical Consciousness","isPartOf":{"@id":"https:\/\/practicalconsciousness.com\/et\/#website"},"datePublished":"2022-02-28T16:42:16+00:00","dateModified":"2026-02-25T17:23:07+00:00","breadcrumb":{"@id":"https:\/\/practicalconsciousness.com\/et\/ope\/v-kursus-voo-seisund\/#breadcrumb"},"inLanguage":"et","potentialAction":[{"@type":"ReadAction","target":["https:\/\/practicalconsciousness.com\/et\/ope\/v-kursus-voo-seisund\/"]}]},{"@type":"BreadcrumbList","@id":"https:\/\/practicalconsciousness.com\/et\/ope\/v-kursus-voo-seisund\/#breadcrumb","itemListElement":[{"@type":"ListItem","position":1,"name":"Home","item":"https:\/\/practicalconsciousness.com\/et\/"},{"@type":"ListItem","position":2,"name":"\u00d5pe","item":"https:\/\/practicalconsciousness.com\/et\/ope\/"},{"@type":"ListItem","position":3,"name":"V kursus: VOOSEISUND"}]},{"@type":"WebSite","@id":"https:\/\/practicalconsciousness.com\/et\/#website","url":"https:\/\/practicalconsciousness.com\/et\/","name":"Practical Consciousness","description":"Change your inner world","potentialAction":[{"@type":"SearchAction","target":{"@type":"EntryPoint","urlTemplate":"https:\/\/practicalconsciousness.com\/et\/?s={search_term_string}"},"query-input":"required name=search_term_string"}],"inLanguage":"et"}]}},"_links":{"self":[{"href":"https:\/\/practicalconsciousness.com\/et\/wp-json\/wp\/v2\/pages\/4513","targetHints":{"allow":["GET"]}}],"collection":[{"href":"https:\/\/practicalconsciousness.com\/et\/wp-json\/wp\/v2\/pages"}],"about":[{"href":"https:\/\/practicalconsciousness.com\/et\/wp-json\/wp\/v2\/types\/page"}],"author":[{"embeddable":true,"href":"https:\/\/practicalconsciousness.com\/et\/wp-json\/wp\/v2\/users\/1"}],"replies":[{"embeddable":true,"href":"https:\/\/practicalconsciousness.com\/et\/wp-json\/wp\/v2\/comments?post=4513"}],"version-history":[{"count":12,"href":"https:\/\/practicalconsciousness.com\/et\/wp-json\/wp\/v2\/pages\/4513\/revisions"}],"predecessor-version":[{"id":13317,"href":"https:\/\/practicalconsciousness.com\/et\/wp-json\/wp\/v2\/pages\/4513\/revisions\/13317"}],"up":[{"embeddable":true,"href":"https:\/\/practicalconsciousness.com\/et\/wp-json\/wp\/v2\/pages\/4057"}],"wp:attachment":[{"href":"https:\/\/practicalconsciousness.com\/et\/wp-json\/wp\/v2\/media?parent=4513"}],"curies":[{"name":"wp","href":"https:\/\/api.w.org\/{rel}","templated":true}]}}