{"id":4137,"date":"2022-02-23T14:57:38","date_gmt":"2022-02-23T14:57:38","guid":{"rendered":"https:\/\/practicalconsciousness.com\/?page_id=4137"},"modified":"2022-04-17T12:42:51","modified_gmt":"2022-04-17T12:42:51","slug":"sihtasutus","status":"publish","type":"page","link":"https:\/\/practicalconsciousness.com\/et\/sihtasutus\/","title":{"rendered":"Sihtasutus"},"content":{"rendered":"<div class=\"fusion-fullwidth fullwidth-box fusion-builder-row-1 fusion-flex-container nonhundred-percent-fullwidth non-hundred-percent-height-scrolling\" style=\"background-color: rgba(255,255,255,0);background-position: left top;background-repeat: no-repeat;border-width: 0px 0px 0px 0px;border-color:#e7e4e2;border-style:solid;\" ><div class=\"fusion-builder-row fusion-row fusion-flex-align-items-flex-start\" style=\"max-width:1331.2px;margin-left: calc(-4% \/ 2 );margin-right: calc(-4% \/ 2 );\"><div class=\"fusion-layout-column fusion_builder_column fusion-builder-column-0 fusion_builder_column_1_6 1_6 fusion-flex-column fusion-no-small-visibility\"><div class=\"fusion-column-wrapper fusion-flex-justify-content-flex-start fusion-content-layout-column\" style=\"background-position:left top;background-blend-mode: overlay;background-repeat:no-repeat;-webkit-background-size:cover;-moz-background-size:cover;-o-background-size:cover;background-size:cover;padding: 0px 0px 0px 0px;\"><\/div><style type=\"text\/css\">.fusion-body .fusion-builder-column-0{width:16.666666666667% !important;margin-top : 10px;margin-bottom : 10px;}.fusion-builder-column-0 > .fusion-column-wrapper {padding-top : 0px !important;padding-right : 0px !important;margin-right : 11.52%;padding-bottom : 0px !important;padding-left : 0px !important;margin-left : 11.52%;}@media only screen and (max-width:1024px) {.fusion-body .fusion-builder-column-0{width:100% !important;}.fusion-builder-column-0 > .fusion-column-wrapper {margin-right : 1.92%;margin-left : 1.92%;}}@media only screen and (max-width:640px) {.fusion-body .fusion-builder-column-0{width:100% !important;}.fusion-builder-column-0 > .fusion-column-wrapper {margin-right : 1.92%;margin-left : 1.92%;}}<\/style><\/div><div class=\"fusion-layout-column fusion_builder_column fusion-builder-column-1 fusion_builder_column_2_3 2_3 fusion-flex-column\"><div class=\"fusion-column-wrapper fusion-flex-justify-content-flex-start fusion-content-layout-column\" style=\"background-position:left top;background-blend-mode: overlay;background-repeat:no-repeat;-webkit-background-size:cover;-moz-background-size:cover;-o-background-size:cover;background-size:cover;padding: 0px 0px 0px 0px;\"><style type=\"text\/css\">@media only screen and (max-width:1024px) {.fusion-title.fusion-title-1{margin-top:18px!important; margin-right:0px!important;margin-bottom:30px!important;margin-left:0px!important;}}@media only screen and (max-width:640px) {.fusion-title.fusion-title-1{margin-top:10px!important; margin-right:0px!important;margin-bottom:20px!important; margin-left:0px!important;}}<\/style><div class=\"fusion-title title fusion-title-1 fusion-sep-none fusion-title-center fusion-title-text fusion-title-size-one\" style=\"margin-top:18px;margin-right:0px;margin-bottom:30px;margin-left:0px;\"><h1 class=\"title-heading-center fusion-responsive-typography-calculated\" style=\"font-family:&quot;AllRoundGothic-Book&quot;;font-weight:400;margin:0;--fontSize:55;line-height:1.15;\">Practical Consciousness sihtasutus<\/h1><\/div><div class=\"fusion-separator\" style=\"align-self: center;margin-left: auto;margin-right: auto;margin-bottom:45px;width:100%;max-width:170px;\"><div class=\"fusion-separator-border sep-single sep-solid\" style=\"border-color:var(--awb-color5);border-top-width:2px;\"><\/div><\/div><div class=\"fusion-text fusion-text-1\" style=\"text-align:justify;text-transform:none;\"><p>Meie eesm\u00e4rk on aidata inimkonnal areneda, muutes Practical Consciousness teadmised ja tehnikad k\u00f5igile k\u00e4ttesaadavaks ja kasutatavaks. Practical Consciousness sihtasutusel on kaks eesm\u00e4rki:<\/p>\n<\/div><ul class=\"fusion-checklist fusion-checklist-1\" style=\"font-size:17px;line-height:28.9px;\"><li style=\"background-color:rgba(255,255,255,0);\" class=\"fusion-li-item\"><span style=\"height:28.9px;width:28.9px;margin-right:11.9px;\" class=\"icon-wrapper circle-no\"><i class=\"fusion-li-icon awb-icon-check\" style=\"color:#c12026;\" aria-hidden=\"true\"><\/i><\/span><div class=\"fusion-li-item-content\" style=\"margin-left:40.8px;color:var(--awb-color6);\">Praktiliste, elumuutvate teadmiste \u00f5petamine.<\/div><\/li><li style=\"background-color:rgba(255,255,255,0);\" class=\"fusion-li-item\"><span style=\"height:28.9px;width:28.9px;margin-right:11.9px;\" class=\"icon-wrapper circle-no\"><i class=\"fusion-li-icon awb-icon-check\" style=\"color:#c12026;\" aria-hidden=\"true\"><\/i><\/span><div class=\"fusion-li-item-content\" style=\"margin-left:40.8px;color:var(--awb-color6);\">Anda v\u00f5imalus osaleda sihtasutuse missioonis ja aidata kaasa vajalikele muutustele maailmas t\u00e4na ja tulevikus.<\/div><\/li><\/ul><div class=\"fusion-separator fusion-full-width-sep\" style=\"align-self: center;margin-left: auto;margin-right: auto;margin-top:15px;margin-bottom:15px;width:100%;\"><\/div><div class=\"fusion-text fusion-text-2\" style=\"text-align:justify;text-transform:none;\"><p><u><a href=\"https:\/\/ingvarvillido.com\/\" target=\"_blank\" rel=\"noopener\">Ingvar Villido<\/a><\/u> asutas 2021. aastal Practical Consciousness sihtasutuse, et muuta praktiline teadvus reaalsuseks kogu inimkonna jaoks. Tema \u00f5pilased suunavad ja korraldavad sihtasutuse tegevust, levitades selle visiooni nii oma kodumaal kui ka kogu maailmas.<\/p>\n<\/div><div class=\"fusion-text fusion-text-3\" style=\"text-align:justify;text-transform:none;\"><p>Hiljuti korraldasime intensiivse Practical Consciousness \u00f5petajate koolitusprogrammi kolmek\u00fcmne \u00fcheksale \u00f5petajale kaheksast riigist. \u00d5petajad on Practical Consciousness kauaaegsed praktikud, kes on oma elus kogenud p\u00f5hjalikke muutusi. Nad \u00f5petavad inspiratsiooni ja p\u00fchendumusega, tuginedes oma kogemustele, ning toetavad teisi nende kasvus.<\/p>\n<\/div><div class=\"fusion-text fusion-text-4\" style=\"text-align:justify;text-transform:none;\"><p>Sihtasutus loob Practical Consciousness koolide v\u00f5rgustikku. Plaanime avada esimesed koolid <u><a href=\"https:\/\/ee.practicalconsciousness.com\" target=\"_blank\" rel=\"noopener\">Eestis<\/a><\/u>, Ameerika \u00dchendriikides, P\u00f5hja-Makedoonias, Saksamaal, Taanis, Soomes ja Iirimaal. Sihtasutuse eesm\u00e4rki t\u00e4idab ligi sada vabatahtlikku, iga kuu liitub neid juurde.<\/p>\n<\/div><div class=\"fusion-text fusion-text-5\" style=\"text-align:justify;text-transform:none;\"><p>Koolid pakuvad ainulaadset ja tipptasemel koolitust, mis p\u00f5hineb uuel vaatenurgal inimelule ja arengule. Iga\u00fcks v\u00f5ib alustada sealt, kus ta praegu on, ja teha muudatusi, mille tulemuseks on rahulik, \u00f5nnelik ja teadlik elu. Meie intensiivsemad \u00f5ppekavad on m\u00f5eldud \u00f5pilastele, kes soovivad minna s\u00fcgavamale ja avastada oma varjatud potentsiaale.<\/p>\n<\/div><div class=\"fusion-text fusion-text-6\" style=\"text-align:justify;text-transform:none;\"><p>Kooli terviklikkus on see, mis teeb selle eriliseks. Kiired tulemused on meile v\u00e4hem olulised kui kvaliteet ja arengu j\u00e4rjepidevus. Me toetame isiklikku arengut kogu elu jooksul selle l\u00f5ppsihtkohta, nagu katkestusteta \u00fchendusl\u00f5ng.<\/p>\n<\/div><\/div><style type=\"text\/css\">.fusion-body .fusion-builder-column-1{width:66.666666666667% !important;margin-top : 10px;margin-bottom : 30px;}.fusion-builder-column-1 > .fusion-column-wrapper {padding-top : 0px !important;padding-right : 0px !important;margin-right : 2.88%;padding-bottom : 0px !important;padding-left : 0px !important;margin-left : 2.88%;}@media only screen and (max-width:1024px) {.fusion-body .fusion-builder-column-1{width:100% !important;}.fusion-builder-column-1 > .fusion-column-wrapper {margin-right : 1.92%;margin-left : 1.92%;}}@media only screen and (max-width:640px) {.fusion-body .fusion-builder-column-1{width:100% !important;}.fusion-builder-column-1 > .fusion-column-wrapper {margin-right : 1.92%;margin-left : 1.92%;}}<\/style><\/div><div class=\"fusion-layout-column fusion_builder_column fusion-builder-column-2 fusion_builder_column_1_6 1_6 fusion-flex-column fusion-no-small-visibility\"><div class=\"fusion-column-wrapper fusion-flex-justify-content-flex-start fusion-content-layout-column\" style=\"background-position:left top;background-blend-mode: overlay;background-repeat:no-repeat;-webkit-background-size:cover;-moz-background-size:cover;-o-background-size:cover;background-size:cover;padding: 0px 0px 0px 0px;\"><div class=\"fusion-separator fusion-full-width-sep\" style=\"align-self: center;margin-left: auto;margin-right: auto;margin-top:20px;width:100%;\"><\/div><\/div><style type=\"text\/css\">.fusion-body .fusion-builder-column-2{width:16.666666666667% !important;margin-top : 10px;margin-bottom : 10px;}.fusion-builder-column-2 > .fusion-column-wrapper {padding-top : 0px !important;padding-right : 0px !important;margin-right : 11.52%;padding-bottom : 0px !important;padding-left : 0px !important;margin-left : 11.52%;}@media only screen and (max-width:1024px) {.fusion-body .fusion-builder-column-2{width:100% !important;}.fusion-builder-column-2 > .fusion-column-wrapper {margin-right : 1.92%;margin-left : 1.92%;}}@media only screen and (max-width:640px) {.fusion-body .fusion-builder-column-2{width:100% !important;}.fusion-builder-column-2 > .fusion-column-wrapper {margin-right : 1.92%;margin-left : 1.92%;}}<\/style><\/div><\/div><style type=\"text\/css\">.fusion-fullwidth.fusion-builder-row-1 a:not(.awb-custom-text-color):not(.fusion-button):not(.fusion-builder-module-control):not(.fusion-social-network-icon):not(.fb-icon-element):not(.fusion-countdown-link):not(.fusion-rollover-link):not(.fusion-rollover-gallery):not(.fusion-button-bar):not(.add_to_cart_button):not(.show_details_button):not(.product_type_external):not(.fusion-view-cart):not(.fusion-quick-view):not(.fusion-rollover-title-link):not(.fusion-breadcrumb-link) , .fusion-fullwidth.fusion-builder-row-1 a:not(.awb-custom-text-color):not(.fusion-button):not(.fusion-builder-module-control):not(.fusion-social-network-icon):not(.fb-icon-element):not(.fusion-countdown-link):not(.fusion-rollover-link):not(.fusion-rollover-gallery):not(.fusion-button-bar):not(.add_to_cart_button):not(.show_details_button):not(.product_type_external):not(.fusion-view-cart):not(.fusion-quick-view):not(.fusion-rollover-title-link):not(.fusion-breadcrumb-link):before, .fusion-fullwidth.fusion-builder-row-1 a:not(.awb-custom-text-color):not(.fusion-button):not(.fusion-builder-module-control):not(.fusion-social-network-icon):not(.fb-icon-element):not(.fusion-countdown-link):not(.fusion-rollover-link):not(.fusion-rollover-gallery):not(.fusion-button-bar):not(.add_to_cart_button):not(.show_details_button):not(.product_type_external):not(.fusion-view-cart):not(.fusion-quick-view):not(.fusion-rollover-title-link):not(.fusion-breadcrumb-link):after {color: var(--awb-custom10);}.fusion-fullwidth.fusion-builder-row-1 a:not(.awb-custom-text-hover-color):not(.fusion-button):not(.fusion-builder-module-control):not(.fusion-social-network-icon):not(.fb-icon-element):not(.fusion-countdown-link):not(.fusion-rollover-link):not(.fusion-rollover-gallery):not(.fusion-button-bar):not(.add_to_cart_button):not(.show_details_button):not(.product_type_external):not(.fusion-view-cart):not(.fusion-quick-view):not(.fusion-rollover-title-link):not(.fusion-breadcrumb-link):hover, .fusion-fullwidth.fusion-builder-row-1 a:not(.awb-custom-text-hover-color):not(.fusion-button):not(.fusion-builder-module-control):not(.fusion-social-network-icon):not(.fb-icon-element):not(.fusion-countdown-link):not(.fusion-rollover-link):not(.fusion-rollover-gallery):not(.fusion-button-bar):not(.add_to_cart_button):not(.show_details_button):not(.product_type_external):not(.fusion-view-cart):not(.fusion-quick-view):not(.fusion-rollover-title-link):not(.fusion-breadcrumb-link):hover:before, .fusion-fullwidth.fusion-builder-row-1 a:not(.awb-custom-text-hover-color):not(.fusion-button):not(.fusion-builder-module-control):not(.fusion-social-network-icon):not(.fb-icon-element):not(.fusion-countdown-link):not(.fusion-rollover-link):not(.fusion-rollover-gallery):not(.fusion-button-bar):not(.add_to_cart_button):not(.show_details_button):not(.product_type_external):not(.fusion-view-cart):not(.fusion-quick-view):not(.fusion-rollover-title-link):not(.fusion-breadcrumb-link):hover:after {color: var(--awb-custom10);}.fusion-fullwidth.fusion-builder-row-1 .pagination a.inactive:hover, .fusion-fullwidth.fusion-builder-row-1 .fusion-filters .fusion-filter.fusion-active a {border-color: var(--awb-custom10);}.fusion-fullwidth.fusion-builder-row-1 .pagination .current {border-color: var(--awb-custom10); background-color: var(--awb-custom10);}.fusion-fullwidth.fusion-builder-row-1 .fusion-filters .fusion-filter.fusion-active a, .fusion-fullwidth.fusion-builder-row-1 .fusion-date-and-formats .fusion-format-box, .fusion-fullwidth.fusion-builder-row-1 .fusion-popover, .fusion-fullwidth.fusion-builder-row-1 .tooltip-shortcode {color: var(--awb-custom10);}#wrapper .fusion-fullwidth.fusion-builder-row-1 .fusion-widget-area .fusion-vertical-menu-widget .menu li.current_page_ancestor > a, #wrapper .fusion-fullwidth.fusion-builder-row-1 .fusion-widget-area .fusion-vertical-menu-widget .menu li.current_page_ancestor > a:before, #wrapper .fusion-fullwidth.fusion-builder-row-1 .fusion-widget-area .fusion-vertical-menu-widget .current-menu-item > a, #wrapper .fusion-fullwidth.fusion-builder-row-1 .fusion-widget-area .fusion-vertical-menu-widget .current-menu-item > a:before, #wrapper .fusion-fullwidth.fusion-builder-row-1 .fusion-widget-area .fusion-vertical-menu-widget .current_page_item > a, #wrapper .fusion-fullwidth.fusion-builder-row-1 .fusion-widget-area .fusion-vertical-menu-widget .current_page_item > a:before {color: var(--awb-custom10);}#wrapper .fusion-fullwidth.fusion-builder-row-1 .fusion-widget-area .widget_nav_menu .menu li.current_page_ancestor > a, #wrapper .fusion-fullwidth.fusion-builder-row-1 .fusion-widget-area .widget_nav_menu .menu li.current_page_ancestor > a:before, #wrapper .fusion-fullwidth.fusion-builder-row-1 .fusion-widget-area .widget_nav_menu .current-menu-item > a, #wrapper .fusion-fullwidth.fusion-builder-row-1 .fusion-widget-area .widget_nav_menu .current-menu-item > a:before, #wrapper .fusion-fullwidth.fusion-builder-row-1 .fusion-widget-area .widget_nav_menu .current_page_item > a, #wrapper .fusion-fullwidth.fusion-builder-row-1 .fusion-widget-area .widget_nav_menu .current_page_item > a:before {color: var(--awb-custom10);}#wrapper .fusion-fullwidth.fusion-builder-row-1 .fusion-vertical-menu-widget .menu li.current_page_item > a { border-right-color:var(--awb-custom10);border-left-color:var(--awb-custom10);}#wrapper .fusion-fullwidth.fusion-builder-row-1 .fusion-widget-area .tagcloud a:hover { color: #fff; background-color: var(--awb-custom10);border-color: var(--awb-custom10);}#main .fusion-fullwidth.fusion-builder-row-1 .post .blog-shortcode-post-title a:hover {color: var(--awb-custom10);}.fusion-body .fusion-flex-container.fusion-builder-row-1{ padding-top : 80px;margin-top : 0px;padding-right : 0px;padding-bottom : 70px;margin-bottom : 0px;padding-left : 0px;}@media only screen and (max-width:1024px) {.fusion-body .fusion-flex-container.fusion-builder-row-1{ padding-top : 60px;}}<\/style><\/div>\n","protected":false},"excerpt":{"rendered":"","protected":false},"author":1,"featured_media":0,"parent":0,"menu_order":0,"comment_status":"closed","ping_status":"closed","template":"100-width.php","meta":{"inline_featured_image":false,"footnotes":""},"class_list":["post-4137","page","type-page","status-publish","hentry"],"yoast_head":"<!-- This site is optimized with the Yoast SEO plugin v19.9 - https:\/\/yoast.com\/wordpress\/plugins\/seo\/ -->\n<title>Sihtasutus - Practical Consciousness<\/title>\n<meta name=\"robots\" content=\"index, follow, max-snippet:-1, max-image-preview:large, max-video-preview:-1\" \/>\n<link rel=\"canonical\" href=\"https:\/\/practicalconsciousness.com\/et\/sihtasutus\/\" \/>\n<meta property=\"og:locale\" content=\"et_EE\" \/>\n<meta property=\"og:type\" content=\"article\" \/>\n<meta property=\"og:title\" content=\"Sihtasutus - Practical Consciousness\" \/>\n<meta property=\"og:url\" content=\"https:\/\/practicalconsciousness.com\/et\/sihtasutus\/\" \/>\n<meta property=\"og:site_name\" content=\"Practical Consciousness\" \/>\n<meta property=\"article:modified_time\" content=\"2022-04-17T12:42:51+00:00\" \/>\n<meta name=\"twitter:card\" content=\"summary_large_image\" \/>\n<meta name=\"twitter:label1\" content=\"Est. reading time\" \/>\n\t<meta name=\"twitter:data1\" content=\"8 minutit\" \/>\n<script type=\"application\/ld+json\" class=\"yoast-schema-graph\">{\"@context\":\"https:\/\/schema.org\",\"@graph\":[{\"@type\":\"WebPage\",\"@id\":\"https:\/\/practicalconsciousness.com\/et\/sihtasutus\/\",\"url\":\"https:\/\/practicalconsciousness.com\/et\/sihtasutus\/\",\"name\":\"Sihtasutus - Practical Consciousness\",\"isPartOf\":{\"@id\":\"https:\/\/practicalconsciousness.com\/et\/#website\"},\"datePublished\":\"2022-02-23T14:57:38+00:00\",\"dateModified\":\"2022-04-17T12:42:51+00:00\",\"breadcrumb\":{\"@id\":\"https:\/\/practicalconsciousness.com\/et\/sihtasutus\/#breadcrumb\"},\"inLanguage\":\"et\",\"potentialAction\":[{\"@type\":\"ReadAction\",\"target\":[\"https:\/\/practicalconsciousness.com\/et\/sihtasutus\/\"]}]},{\"@type\":\"BreadcrumbList\",\"@id\":\"https:\/\/practicalconsciousness.com\/et\/sihtasutus\/#breadcrumb\",\"itemListElement\":[{\"@type\":\"ListItem\",\"position\":1,\"name\":\"Home\",\"item\":\"https:\/\/practicalconsciousness.com\/et\/\"},{\"@type\":\"ListItem\",\"position\":2,\"name\":\"Sihtasutus\"}]},{\"@type\":\"WebSite\",\"@id\":\"https:\/\/practicalconsciousness.com\/et\/#website\",\"url\":\"https:\/\/practicalconsciousness.com\/et\/\",\"name\":\"Practical Consciousness\",\"description\":\"Change your inner world\",\"potentialAction\":[{\"@type\":\"SearchAction\",\"target\":{\"@type\":\"EntryPoint\",\"urlTemplate\":\"https:\/\/practicalconsciousness.com\/et\/?s={search_term_string}\"},\"query-input\":\"required name=search_term_string\"}],\"inLanguage\":\"et\"}]}<\/script>\n<!-- \/ Yoast SEO plugin. -->","yoast_head_json":{"title":"Sihtasutus - Practical Consciousness","robots":{"index":"index","follow":"follow","max-snippet":"max-snippet:-1","max-image-preview":"max-image-preview:large","max-video-preview":"max-video-preview:-1"},"canonical":"https:\/\/practicalconsciousness.com\/et\/sihtasutus\/","og_locale":"et_EE","og_type":"article","og_title":"Sihtasutus - Practical Consciousness","og_url":"https:\/\/practicalconsciousness.com\/et\/sihtasutus\/","og_site_name":"Practical Consciousness","article_modified_time":"2022-04-17T12:42:51+00:00","twitter_card":"summary_large_image","twitter_misc":{"Est. reading time":"8 minutit"},"schema":{"@context":"https:\/\/schema.org","@graph":[{"@type":"WebPage","@id":"https:\/\/practicalconsciousness.com\/et\/sihtasutus\/","url":"https:\/\/practicalconsciousness.com\/et\/sihtasutus\/","name":"Sihtasutus - Practical Consciousness","isPartOf":{"@id":"https:\/\/practicalconsciousness.com\/et\/#website"},"datePublished":"2022-02-23T14:57:38+00:00","dateModified":"2022-04-17T12:42:51+00:00","breadcrumb":{"@id":"https:\/\/practicalconsciousness.com\/et\/sihtasutus\/#breadcrumb"},"inLanguage":"et","potentialAction":[{"@type":"ReadAction","target":["https:\/\/practicalconsciousness.com\/et\/sihtasutus\/"]}]},{"@type":"BreadcrumbList","@id":"https:\/\/practicalconsciousness.com\/et\/sihtasutus\/#breadcrumb","itemListElement":[{"@type":"ListItem","position":1,"name":"Home","item":"https:\/\/practicalconsciousness.com\/et\/"},{"@type":"ListItem","position":2,"name":"Sihtasutus"}]},{"@type":"WebSite","@id":"https:\/\/practicalconsciousness.com\/et\/#website","url":"https:\/\/practicalconsciousness.com\/et\/","name":"Practical Consciousness","description":"Change your inner world","potentialAction":[{"@type":"SearchAction","target":{"@type":"EntryPoint","urlTemplate":"https:\/\/practicalconsciousness.com\/et\/?s={search_term_string}"},"query-input":"required name=search_term_string"}],"inLanguage":"et"}]}},"_links":{"self":[{"href":"https:\/\/practicalconsciousness.com\/et\/wp-json\/wp\/v2\/pages\/4137","targetHints":{"allow":["GET"]}}],"collection":[{"href":"https:\/\/practicalconsciousness.com\/et\/wp-json\/wp\/v2\/pages"}],"about":[{"href":"https:\/\/practicalconsciousness.com\/et\/wp-json\/wp\/v2\/types\/page"}],"author":[{"embeddable":true,"href":"https:\/\/practicalconsciousness.com\/et\/wp-json\/wp\/v2\/users\/1"}],"replies":[{"embeddable":true,"href":"https:\/\/practicalconsciousness.com\/et\/wp-json\/wp\/v2\/comments?post=4137"}],"version-history":[{"count":20,"href":"https:\/\/practicalconsciousness.com\/et\/wp-json\/wp\/v2\/pages\/4137\/revisions"}],"predecessor-version":[{"id":5560,"href":"https:\/\/practicalconsciousness.com\/et\/wp-json\/wp\/v2\/pages\/4137\/revisions\/5560"}],"wp:attachment":[{"href":"https:\/\/practicalconsciousness.com\/et\/wp-json\/wp\/v2\/media?parent=4137"}],"curies":[{"name":"wp","href":"https:\/\/api.w.org\/{rel}","templated":true}]}}