{"id":4086,"date":"2022-02-23T13:45:27","date_gmt":"2022-02-23T13:45:27","guid":{"rendered":"https:\/\/practicalconsciousness.com\/?page_id=4086"},"modified":"2025-11-08T07:38:09","modified_gmt":"2025-11-08T07:38:09","slug":"i-kursus-selgus-ii-kursus-emotsioonid","status":"publish","type":"page","link":"https:\/\/practicalconsciousness.com\/et\/ope\/i-kursus-selgus-ii-kursus-emotsioonid\/","title":{"rendered":"I kursus: SELGUS &#038; II kursus: EMOTSIOONID"},"content":{"rendered":"<div class=\"fusion-fullwidth fullwidth-box fusion-builder-row-1 fusion-flex-container nonhundred-percent-fullwidth non-hundred-percent-height-scrolling\" style=\"background-color: rgba(255,255,255,0);background-position: left top;background-repeat: no-repeat;border-width: 0px 0px 0px 0px;border-color:#e7e4e2;border-style:solid;\" ><div class=\"fusion-builder-row fusion-row fusion-flex-align-items-flex-start\" style=\"max-width:1331.2px;margin-left: calc(-4% \/ 2 );margin-right: calc(-4% \/ 2 );\"><div class=\"fusion-layout-column fusion_builder_column fusion-builder-column-0 fusion_builder_column_1_6 1_6 fusion-flex-column fusion-no-small-visibility\"><div class=\"fusion-column-wrapper fusion-flex-justify-content-flex-start fusion-content-layout-column\" style=\"background-position:left top;background-blend-mode: overlay;background-repeat:no-repeat;-webkit-background-size:cover;-moz-background-size:cover;-o-background-size:cover;background-size:cover;padding: 0px 0px 0px 0px;\"><\/div><style type=\"text\/css\">.fusion-body .fusion-builder-column-0{width:16.666666666667% !important;margin-top : 10px;margin-bottom : 10px;}.fusion-builder-column-0 > .fusion-column-wrapper {padding-top : 0px !important;padding-right : 0px !important;margin-right : 11.52%;padding-bottom : 0px !important;padding-left : 0px !important;margin-left : 11.52%;}@media only screen and (max-width:1024px) {.fusion-body .fusion-builder-column-0{width:100% !important;}.fusion-builder-column-0 > .fusion-column-wrapper {margin-right : 1.92%;margin-left : 1.92%;}}@media only screen and (max-width:640px) {.fusion-body .fusion-builder-column-0{width:100% !important;}.fusion-builder-column-0 > .fusion-column-wrapper {margin-right : 1.92%;margin-left : 1.92%;}}<\/style><\/div><div class=\"fusion-layout-column fusion_builder_column fusion-builder-column-1 fusion_builder_column_2_3 2_3 fusion-flex-column\"><div class=\"fusion-column-wrapper fusion-flex-justify-content-flex-start fusion-content-layout-column\" style=\"background-position:left top;background-blend-mode: overlay;background-repeat:no-repeat;-webkit-background-size:cover;-moz-background-size:cover;-o-background-size:cover;background-size:cover;padding: 0px 0px 0px 0px;\"><style type=\"text\/css\">@media only screen and (max-width:1024px) {.fusion-title.fusion-title-1{margin-top:18px!important; margin-right:0px!important;margin-bottom:30px!important;margin-left:0px!important;}}@media only screen and (max-width:640px) {.fusion-title.fusion-title-1{margin-top:10px!important; margin-right:0px!important;margin-bottom:20px!important; margin-left:0px!important;}}<\/style><div class=\"fusion-title title fusion-title-1 fusion-sep-none fusion-title-center fusion-title-text fusion-title-size-one\" style=\"margin-top:18px;margin-right:0px;margin-bottom:30px;margin-left:0px;\"><h1 class=\"title-heading-center fusion-responsive-typography-calculated\" style=\"font-family:&quot;AllRoundGothic-Book&quot;;font-weight:400;margin:0;--fontSize:55;line-height:1.15;\">I kursus: SELGUS &amp; II kursus: EMOTSIOONID<\/h1><\/div><style type=\"text\/css\">@media only screen and (max-width:1024px) {.fusion-title.fusion-title-2{margin-top:18px!important; margin-right:0px!important;margin-bottom:30px!important;margin-left:0px!important;}}@media only screen and (max-width:640px) {.fusion-title.fusion-title-2{margin-top:10px!important; margin-right:0px!important;margin-bottom:20px!important; margin-left:0px!important;}}<\/style><div class=\"fusion-title title fusion-title-2 fusion-sep-none fusion-title-center fusion-title-text fusion-title-size-two\" style=\"margin-top:18px;margin-right:0px;margin-bottom:30px;margin-left:0px;\"><h2 class=\"title-heading-center fusion-responsive-typography-calculated\" style=\"font-family:&quot;AllRoundGothic-Book&quot;;font-weight:400;margin:0;--fontSize:34;line-height:1.47;\">SELGUS<\/h2><\/div><div class=\"fusion-separator\" style=\"align-self: center;margin-left: auto;margin-right: auto;margin-bottom:45px;width:100%;max-width:170px;\"><div class=\"fusion-separator-border sep-single sep-solid\" style=\"border-color:var(--awb-color5);border-top-width:2px;\"><\/div><\/div><div class=\"fusion-text fusion-text-1\" style=\"text-align:justify;text-transform:none;\"><p>I kursus tutvustab sulle uutmoodi eluviisi, viie keha s\u00fcsteemi ning seda, kuidas kasutada teadvust oma isikliku GPS-s\u00fcsteemina. Viie keha s\u00fcsteem annab holistilise vaate elule, mis v\u00f5imaldab sul m\u00f5ista iseennast, oma emotsioone, m\u00f5tteid ja tegelikku olemust.<\/p>\n<p>Selle kursuse tehnikad toovad sind k\u00e4esolevasse hetke. \u00d5pid kasutama teadvust praktilisel viisil, valdama fookust ja loovat l\u00e4henemist igas olukorras. Saad s\u00fcgavama pildi oma sisemaailmast ning kohtud oma tegeliku minaga, mis v\u00f5ib osutuda elumuutvaks kogemuseks.<\/p>\n<\/div><div class=\"fusion-text fusion-text-2\" style=\"text-align:left;text-transform:none;\"><p>I kursusel \u00f5pid:<\/p>\n<\/div><ul class=\"fusion-checklist fusion-checklist-1\" style=\"font-size:17px;line-height:28.9px;\"><li style=\"background-color:rgba(255,255,255,0);padding-left:5%;\" class=\"fusion-li-item\"><span style=\"height:28.9px;width:28.9px;margin-right:11.9px;\" class=\"icon-wrapper circle-no\"><i class=\"fusion-li-icon awb-icon-check\" style=\"color:#c12026;\" aria-hidden=\"true\"><\/i><\/span><div class=\"fusion-li-item-content\" style=\"margin-left:40.8px;color:var(--awb-color6);\">Joogide teadmisi inimkeha tundmatust anatoomiast.<\/div><\/li><li style=\"background-color:rgba(255,255,255,0);padding-left:5%;\" class=\"fusion-li-item\"><span style=\"height:28.9px;width:28.9px;margin-right:11.9px;\" class=\"icon-wrapper circle-no\"><i class=\"fusion-li-icon awb-icon-check\" style=\"color:#c12026;\" aria-hidden=\"true\"><\/i><\/span><div class=\"fusion-li-item-content\" style=\"margin-left:40.8px;color:var(--awb-color6);\">S\u00e4ilitama rahulikumat ja selgemat meeleseisundit, oskuse vaigistada sisemist kriitikut.<\/div><\/li><li style=\"background-color:rgba(255,255,255,0);padding-left:5%;\" class=\"fusion-li-item\"><span style=\"height:28.9px;width:28.9px;margin-right:11.9px;\" class=\"icon-wrapper circle-no\"><i class=\"fusion-li-icon awb-icon-check\" style=\"color:#c12026;\" aria-hidden=\"true\"><\/i><\/span><div class=\"fusion-li-item-content\" style=\"margin-left:40.8px;color:var(--awb-color6);\">Tegema l\u00f5ppu mentaalsele segadusele ja mentaalsele udule.<\/div><\/li><li style=\"background-color:rgba(255,255,255,0);padding-left:5%;\" class=\"fusion-li-item\"><span style=\"height:28.9px;width:28.9px;margin-right:11.9px;\" class=\"icon-wrapper circle-no\"><i class=\"fusion-li-icon awb-icon-check\" style=\"color:#c12026;\" aria-hidden=\"true\"><\/i><\/span><div class=\"fusion-li-item-content\" style=\"margin-left:40.8px;color:var(--awb-color6);\">Tundma teadvuse praktilisi kasutusv\u00f5imalusi.<\/div><\/li><li style=\"background-color:rgba(255,255,255,0);padding-left:5%;\" class=\"fusion-li-item\"><span style=\"height:28.9px;width:28.9px;margin-right:11.9px;\" class=\"icon-wrapper circle-no\"><i class=\"fusion-li-icon awb-icon-check\" style=\"color:#c12026;\" aria-hidden=\"true\"><\/i><\/span><div class=\"fusion-li-item-content\" style=\"margin-left:40.8px;color:var(--awb-color6);\">Kasutama kindlat teekaarti ja kompassi saavutamaks edu elus.<\/div><\/li><\/ul><div class=\"fusion-separator fusion-full-width-sep\" style=\"align-self: center;margin-left: auto;margin-right: auto;margin-top:20px;margin-bottom:20px;width:100%;\"><\/div><style type=\"text\/css\">@media only screen and (max-width:1024px) {.fusion-title.fusion-title-3{margin-top:18px!important; margin-right:0px!important;margin-bottom:30px!important;margin-left:0px!important;}}@media only screen and (max-width:640px) {.fusion-title.fusion-title-3{margin-top:10px!important; margin-right:0px!important;margin-bottom:20px!important; margin-left:0px!important;}}<\/style><div class=\"fusion-title title fusion-title-3 fusion-sep-none fusion-title-center fusion-title-text fusion-title-size-two\" style=\"margin-top:18px;margin-right:0px;margin-bottom:30px;margin-left:0px;\"><h2 class=\"title-heading-center fusion-responsive-typography-calculated\" style=\"font-family:&quot;AllRoundGothic-Book&quot;;font-weight:400;margin:0;--fontSize:34;line-height:1.47;\">EMOTSIOONID<\/h2><\/div><div class=\"fusion-separator\" style=\"align-self: center;margin-left: auto;margin-right: auto;margin-bottom:45px;width:100%;max-width:170px;\"><div class=\"fusion-separator-border sep-single sep-solid\" style=\"border-color:var(--awb-color5);border-top-width:2px;\"><\/div><\/div><div class=\"fusion-text fusion-text-3\" style=\"text-align:justify;text-transform:none;\"><p>Kui sageli tunned pettumust, hirmu v\u00f5i \u00e4revust? Millist rolli m\u00e4ngivad emotsioonid sinu isiklikes suhetes? Kuigi emotsioonid v\u00f5ivad paista muutlike ja m\u00f6\u00f6duvatena, on nad tegelikult alalised. Ja kahjuks on inimestel v\u00e4ga v\u00e4he vahendeid, mis aitaksid neil toime tulla negatiivsete emotsioonidega. Me teeme sageli edutuid katseid neid alla suruda, ignoreerida, v\u00f5i teistele projitseerida.<\/p>\n<p>II kursus \u00f5petab sulle, kuidas emotsioonidest lahti saada lasta ning et selle tulemusena v\u00f5tavad maad hoopis loomulik rahu ja meelekindlus. Sa saad sekunditega k\u00f5rvaldada h\u00e4iriva emotsiooni alatiseks ning see vabastab sind alateadvuse juhtiva m\u00f5ju alt.<\/p>\n<p>Teadvuse teadlik kasutuselev\u00f5tt on vabaduse ja muutuse v\u00e4ltimatu eeldus. Selle abil saavutad j\u00e4rk-j\u00e4rgult kontrolli nii oma sise- kui ka v\u00e4lismaailma \u00fcle. Emotsioonidest ja m\u00f5tetest saavad teadlikud vahendid, mida sa saad kasutada omatahtsi, kuidas ja kunas soovid. Ilmnevad sinu loomulik teadvelolek ja selgus. Taipamine ja intuitsioon muutuvad kergemini k\u00e4ttesaadavaks. Sinu t\u00f5eline olemus l\u00f6\u00f6b s\u00e4rama \u00fches meelerahu ja r\u00f5\u00f5muga.<\/p>\n<\/div><div class=\"fusion-text fusion-text-4\" style=\"text-align:left;text-transform:none;\"><p>II kursusel \u00f5pid:<\/p>\n<\/div><ul class=\"fusion-checklist fusion-checklist-2\" style=\"font-size:17px;line-height:28.9px;\"><li style=\"background-color:rgba(255,255,255,0);padding-left:5%;\" class=\"fusion-li-item\"><span style=\"height:28.9px;width:28.9px;margin-right:11.9px;\" class=\"icon-wrapper circle-no\"><i class=\"fusion-li-icon awb-icon-check\" style=\"color:#c12026;\" aria-hidden=\"true\"><\/i><\/span><div class=\"fusion-li-item-content\" style=\"margin-left:40.8px;color:var(--awb-color6);\">Suuremat stabiilsust.<\/div><\/li><li style=\"background-color:rgba(255,255,255,0);padding-left:5%;\" class=\"fusion-li-item\"><span style=\"height:28.9px;width:28.9px;margin-right:11.9px;\" class=\"icon-wrapper circle-no\"><i class=\"fusion-li-icon awb-icon-check\" style=\"color:#c12026;\" aria-hidden=\"true\"><\/i><\/span><div class=\"fusion-li-item-content\" style=\"margin-left:40.8px;color:var(--awb-color6);\">Kiindumuste kahanemist.<\/div><\/li><li style=\"background-color:rgba(255,255,255,0);padding-left:5%;\" class=\"fusion-li-item\"><span style=\"height:28.9px;width:28.9px;margin-right:11.9px;\" class=\"icon-wrapper circle-no\"><i class=\"fusion-li-icon awb-icon-check\" style=\"color:#c12026;\" aria-hidden=\"true\"><\/i><\/span><div class=\"fusion-li-item-content\" style=\"margin-left:40.8px;color:var(--awb-color6);\">V\u00f5rratult paremat emotsionaalset tervist.<\/div><\/li><li style=\"background-color:rgba(255,255,255,0);padding-left:5%;\" class=\"fusion-li-item\"><span style=\"height:28.9px;width:28.9px;margin-right:11.9px;\" class=\"icon-wrapper circle-no\"><i class=\"fusion-li-icon awb-icon-check\" style=\"color:#c12026;\" aria-hidden=\"true\"><\/i><\/span><div class=\"fusion-li-item-content\" style=\"margin-left:40.8px;color:var(--awb-color6);\">Vabanemist negatiivsest emotsioonist m\u00f5ne sekundiga alatiseks.<\/div><\/li><li style=\"background-color:rgba(255,255,255,0);padding-left:5%;\" class=\"fusion-li-item\"><span style=\"height:28.9px;width:28.9px;margin-right:11.9px;\" class=\"icon-wrapper circle-no\"><i class=\"fusion-li-icon awb-icon-check\" style=\"color:#c12026;\" aria-hidden=\"true\"><\/i><\/span><div class=\"fusion-li-item-content\" style=\"margin-left:40.8px;color:var(--awb-color6);\">Hirmudest vabanemist spetsiaalse joogaliku tehnika abil.<\/div><\/li><\/ul><div class=\"fusion-separator fusion-full-width-sep\" style=\"align-self: center;margin-left: auto;margin-right: auto;margin-top:15px;margin-bottom:15px;width:100%;\"><\/div><div class=\"fusion-text fusion-text-5\" style=\"text-align:justify;text-transform:none;\"><p>I ja II kursus h\u00f5lmab ka j\u00e4tkup\u00e4eva, mis aitab lihvida sinu tehnikate kasutamise oskust.<\/p>\n<\/div><div class=\"fusion-text fusion-text-6\" style=\"text-align:justify;text-transform:none;\"><p>Practical Consciousness I &amp; II kursusi \u00f5petavad meetodi looja Ingvar Villido poolt sertifitseeritud \u00f5petajad, kes l\u00e4htuvad oma isiklikust praktilisest kogemusest. P\u00e4rast kursusi on vajadusel saadaval tugi, mis aitab \u00f5pitut praktiseerida ja ellu integreerida, et maksimaalselt toetada soovitud tulemuste saavutamist.<\/p>\n<\/div><div class=\"fusion-separator fusion-full-width-sep\" style=\"align-self: center;margin-left: auto;margin-right: auto;margin-top:5px;margin-bottom:5px;width:100%;\"><\/div><div class=\"fusion-separator fusion-full-width-sep\" style=\"align-self: center;margin-left: auto;margin-right: auto;margin-top:5px;margin-bottom:5px;width:100%;\"><\/div><div style=\"text-align:center;\"><style>.fusion-body .fusion-button.button-1{border-radius:30px 30px 30px 30px;}<\/style><a class=\"fusion-button button-flat fusion-button-default-size button-default button-1 fusion-button-span-no fusion-button-default-type\" target=\"_blank\" rel=\"noopener noreferrer\" href=\"https:\/\/ee.practicalconsciousness.com\/pood\/practical-consciousness\/practical-consciousness-i-ii-kursus-selgus-ja-emotsioonid\/practical-consciousness-i-ii-kursus-selgus-ja-emotsioonid\/\"><span class=\"fusion-button-text\">Registreeru I &amp; II kursusele<\/span><\/a><\/div><div class=\"fusion-separator fusion-full-width-sep\" style=\"align-self: center;margin-left: auto;margin-right: auto;margin-top:5px;margin-bottom:5px;width:100%;\"><\/div><div class=\"fusion-separator fusion-full-width-sep\" style=\"align-self: center;margin-left: auto;margin-right: auto;margin-top:5px;margin-bottom:5px;width:100%;\"><\/div><div class=\"fusion-separator fusion-full-width-sep\" style=\"align-self: center;margin-left: auto;margin-right: auto;margin-top:5px;margin-bottom:5px;width:100%;\"><\/div><div class=\"fusion-separator fusion-full-width-sep\" style=\"align-self: center;margin-left: auto;margin-right: auto;margin-top:5px;margin-bottom:5px;width:100%;\"><\/div><div class=\"fusion-text fusion-text-7\" style=\"text-align:justify;text-transform:none;\"><p>I ja II kursusega saab liituda ka salvestise teel. Osale kursusel Aigi Vahinguga l\u00e4bi salvestise:<\/p>\n<\/div><div class=\"fusion-separator fusion-full-width-sep\" style=\"align-self: center;margin-left: auto;margin-right: auto;margin-top:5px;margin-bottom:5px;width:100%;\"><\/div><div style=\"text-align:center;\"><style>.fusion-body .fusion-button.button-2{border-radius:30px 30px 30px 30px;}<\/style><a class=\"fusion-button button-flat fusion-button-default-size button-default button-2 fusion-button-span-no fusion-button-default-type\" target=\"_blank\" rel=\"noopener noreferrer\" href=\"https:\/\/fienta.com\/et\/practical-consciousness-1-2-aigi-vahing-2025\"><span class=\"fusion-button-text\">Osale I &amp; II kursusel salvestise teel <\/span><\/a><\/div><\/div><style type=\"text\/css\">.fusion-body .fusion-builder-column-1{width:66.666666666667% !important;margin-top : 10px;margin-bottom : 30px;}.fusion-builder-column-1 > .fusion-column-wrapper {padding-top : 0px !important;padding-right : 0px !important;margin-right : 2.88%;padding-bottom : 0px !important;padding-left : 0px !important;margin-left : 2.88%;}@media only screen and (max-width:1024px) {.fusion-body .fusion-builder-column-1{width:100% !important;}.fusion-builder-column-1 > .fusion-column-wrapper {margin-right : 1.92%;margin-left : 1.92%;}}@media only screen and (max-width:640px) {.fusion-body .fusion-builder-column-1{width:100% !important;}.fusion-builder-column-1 > .fusion-column-wrapper {margin-right : 1.92%;margin-left : 1.92%;}}<\/style><\/div><div class=\"fusion-layout-column fusion_builder_column fusion-builder-column-2 fusion_builder_column_1_6 1_6 fusion-flex-column fusion-no-small-visibility fusion-no-medium-visibility\"><div class=\"fusion-column-wrapper fusion-flex-justify-content-flex-start fusion-content-layout-column\" style=\"background-position:left top;background-blend-mode: overlay;background-repeat:no-repeat;-webkit-background-size:cover;-moz-background-size:cover;-o-background-size:cover;background-size:cover;padding: 0px 0px 0px 0px;\"><div class=\"fusion-separator fusion-full-width-sep\" style=\"align-self: center;margin-left: auto;margin-right: auto;margin-top:20px;width:100%;\"><\/div><\/div><style type=\"text\/css\">.fusion-body .fusion-builder-column-2{width:16.666666666667% !important;margin-top : 10px;margin-bottom : 10px;}.fusion-builder-column-2 > .fusion-column-wrapper {padding-top : 0px !important;padding-right : 0px !important;margin-right : 11.52%;padding-bottom : 0px !important;padding-left : 0px !important;margin-left : 11.52%;}@media only screen and (max-width:1024px) {.fusion-body .fusion-builder-column-2{width:100% !important;}.fusion-builder-column-2 > .fusion-column-wrapper {margin-right : 1.92%;margin-left : 1.92%;}}@media only screen and (max-width:640px) {.fusion-body .fusion-builder-column-2{width:100% !important;}.fusion-builder-column-2 > .fusion-column-wrapper {margin-right : 1.92%;margin-left : 1.92%;}}<\/style><\/div><\/div><style type=\"text\/css\">.fusion-body .fusion-flex-container.fusion-builder-row-1{ padding-top : 80px;margin-top : 0px;padding-right : 0px;padding-bottom : 90px;margin-bottom : 0px;padding-left : 0px;}@media only screen and (max-width:1024px) {.fusion-body .fusion-flex-container.fusion-builder-row-1{ padding-top : 60px;}}<\/style><\/div>\n","protected":false},"excerpt":{"rendered":"","protected":false},"author":1,"featured_media":0,"parent":4057,"menu_order":3,"comment_status":"closed","ping_status":"closed","template":"100-width.php","meta":{"inline_featured_image":false,"footnotes":""},"class_list":["post-4086","page","type-page","status-publish","hentry"],"yoast_head":"<!-- This site is optimized with the Yoast SEO plugin v19.9 - https:\/\/yoast.com\/wordpress\/plugins\/seo\/ -->\n<title>I kursus: SELGUS &amp; II kursus: EMOTSIOONID - Practical Consciousness<\/title>\n<meta name=\"robots\" content=\"index, follow, max-snippet:-1, max-image-preview:large, max-video-preview:-1\" \/>\n<link rel=\"canonical\" href=\"https:\/\/practicalconsciousness.com\/et\/ope\/i-kursus-selgus-ii-kursus-emotsioonid\/\" \/>\n<meta property=\"og:locale\" content=\"et_EE\" \/>\n<meta property=\"og:type\" content=\"article\" \/>\n<meta property=\"og:title\" content=\"I kursus: SELGUS &amp; II kursus: EMOTSIOONID - Practical Consciousness\" \/>\n<meta property=\"og:url\" content=\"https:\/\/practicalconsciousness.com\/et\/ope\/i-kursus-selgus-ii-kursus-emotsioonid\/\" \/>\n<meta property=\"og:site_name\" content=\"Practical Consciousness\" \/>\n<meta property=\"article:modified_time\" content=\"2025-11-08T07:38:09+00:00\" \/>\n<meta name=\"twitter:card\" content=\"summary_large_image\" \/>\n<meta name=\"twitter:label1\" content=\"Est. reading time\" \/>\n\t<meta name=\"twitter:data1\" content=\"15 minutit\" \/>\n<script type=\"application\/ld+json\" class=\"yoast-schema-graph\">{\"@context\":\"https:\/\/schema.org\",\"@graph\":[{\"@type\":\"WebPage\",\"@id\":\"https:\/\/practicalconsciousness.com\/et\/ope\/i-kursus-selgus-ii-kursus-emotsioonid\/\",\"url\":\"https:\/\/practicalconsciousness.com\/et\/ope\/i-kursus-selgus-ii-kursus-emotsioonid\/\",\"name\":\"I kursus: SELGUS & II kursus: EMOTSIOONID - Practical Consciousness\",\"isPartOf\":{\"@id\":\"https:\/\/practicalconsciousness.com\/et\/#website\"},\"datePublished\":\"2022-02-23T13:45:27+00:00\",\"dateModified\":\"2025-11-08T07:38:09+00:00\",\"breadcrumb\":{\"@id\":\"https:\/\/practicalconsciousness.com\/et\/ope\/i-kursus-selgus-ii-kursus-emotsioonid\/#breadcrumb\"},\"inLanguage\":\"et\",\"potentialAction\":[{\"@type\":\"ReadAction\",\"target\":[\"https:\/\/practicalconsciousness.com\/et\/ope\/i-kursus-selgus-ii-kursus-emotsioonid\/\"]}]},{\"@type\":\"BreadcrumbList\",\"@id\":\"https:\/\/practicalconsciousness.com\/et\/ope\/i-kursus-selgus-ii-kursus-emotsioonid\/#breadcrumb\",\"itemListElement\":[{\"@type\":\"ListItem\",\"position\":1,\"name\":\"Home\",\"item\":\"https:\/\/practicalconsciousness.com\/et\/\"},{\"@type\":\"ListItem\",\"position\":2,\"name\":\"\u00d5pe\",\"item\":\"https:\/\/practicalconsciousness.com\/et\/ope\/\"},{\"@type\":\"ListItem\",\"position\":3,\"name\":\"I kursus: SELGUS &#038; II kursus: EMOTSIOONID\"}]},{\"@type\":\"WebSite\",\"@id\":\"https:\/\/practicalconsciousness.com\/et\/#website\",\"url\":\"https:\/\/practicalconsciousness.com\/et\/\",\"name\":\"Practical Consciousness\",\"description\":\"Change your inner world\",\"potentialAction\":[{\"@type\":\"SearchAction\",\"target\":{\"@type\":\"EntryPoint\",\"urlTemplate\":\"https:\/\/practicalconsciousness.com\/et\/?s={search_term_string}\"},\"query-input\":\"required name=search_term_string\"}],\"inLanguage\":\"et\"}]}<\/script>\n<!-- \/ Yoast SEO plugin. -->","yoast_head_json":{"title":"I kursus: SELGUS & II kursus: EMOTSIOONID - Practical Consciousness","robots":{"index":"index","follow":"follow","max-snippet":"max-snippet:-1","max-image-preview":"max-image-preview:large","max-video-preview":"max-video-preview:-1"},"canonical":"https:\/\/practicalconsciousness.com\/et\/ope\/i-kursus-selgus-ii-kursus-emotsioonid\/","og_locale":"et_EE","og_type":"article","og_title":"I kursus: SELGUS & II kursus: EMOTSIOONID - Practical Consciousness","og_url":"https:\/\/practicalconsciousness.com\/et\/ope\/i-kursus-selgus-ii-kursus-emotsioonid\/","og_site_name":"Practical Consciousness","article_modified_time":"2025-11-08T07:38:09+00:00","twitter_card":"summary_large_image","twitter_misc":{"Est. reading time":"15 minutit"},"schema":{"@context":"https:\/\/schema.org","@graph":[{"@type":"WebPage","@id":"https:\/\/practicalconsciousness.com\/et\/ope\/i-kursus-selgus-ii-kursus-emotsioonid\/","url":"https:\/\/practicalconsciousness.com\/et\/ope\/i-kursus-selgus-ii-kursus-emotsioonid\/","name":"I kursus: SELGUS & II kursus: EMOTSIOONID - Practical Consciousness","isPartOf":{"@id":"https:\/\/practicalconsciousness.com\/et\/#website"},"datePublished":"2022-02-23T13:45:27+00:00","dateModified":"2025-11-08T07:38:09+00:00","breadcrumb":{"@id":"https:\/\/practicalconsciousness.com\/et\/ope\/i-kursus-selgus-ii-kursus-emotsioonid\/#breadcrumb"},"inLanguage":"et","potentialAction":[{"@type":"ReadAction","target":["https:\/\/practicalconsciousness.com\/et\/ope\/i-kursus-selgus-ii-kursus-emotsioonid\/"]}]},{"@type":"BreadcrumbList","@id":"https:\/\/practicalconsciousness.com\/et\/ope\/i-kursus-selgus-ii-kursus-emotsioonid\/#breadcrumb","itemListElement":[{"@type":"ListItem","position":1,"name":"Home","item":"https:\/\/practicalconsciousness.com\/et\/"},{"@type":"ListItem","position":2,"name":"\u00d5pe","item":"https:\/\/practicalconsciousness.com\/et\/ope\/"},{"@type":"ListItem","position":3,"name":"I kursus: SELGUS &#038; II kursus: EMOTSIOONID"}]},{"@type":"WebSite","@id":"https:\/\/practicalconsciousness.com\/et\/#website","url":"https:\/\/practicalconsciousness.com\/et\/","name":"Practical Consciousness","description":"Change your inner world","potentialAction":[{"@type":"SearchAction","target":{"@type":"EntryPoint","urlTemplate":"https:\/\/practicalconsciousness.com\/et\/?s={search_term_string}"},"query-input":"required name=search_term_string"}],"inLanguage":"et"}]}},"_links":{"self":[{"href":"https:\/\/practicalconsciousness.com\/et\/wp-json\/wp\/v2\/pages\/4086","targetHints":{"allow":["GET"]}}],"collection":[{"href":"https:\/\/practicalconsciousness.com\/et\/wp-json\/wp\/v2\/pages"}],"about":[{"href":"https:\/\/practicalconsciousness.com\/et\/wp-json\/wp\/v2\/types\/page"}],"author":[{"embeddable":true,"href":"https:\/\/practicalconsciousness.com\/et\/wp-json\/wp\/v2\/users\/1"}],"replies":[{"embeddable":true,"href":"https:\/\/practicalconsciousness.com\/et\/wp-json\/wp\/v2\/comments?post=4086"}],"version-history":[{"count":33,"href":"https:\/\/practicalconsciousness.com\/et\/wp-json\/wp\/v2\/pages\/4086\/revisions"}],"predecessor-version":[{"id":12836,"href":"https:\/\/practicalconsciousness.com\/et\/wp-json\/wp\/v2\/pages\/4086\/revisions\/12836"}],"up":[{"embeddable":true,"href":"https:\/\/practicalconsciousness.com\/et\/wp-json\/wp\/v2\/pages\/4057"}],"wp:attachment":[{"href":"https:\/\/practicalconsciousness.com\/et\/wp-json\/wp\/v2\/media?parent=4086"}],"curies":[{"name":"wp","href":"https:\/\/api.w.org\/{rel}","templated":true}]}}