{"id":12859,"date":"2025-11-27T08:32:40","date_gmt":"2025-11-27T08:32:40","guid":{"rendered":"https:\/\/practicalconsciousness.com\/?page_id=12859"},"modified":"2026-02-02T08:30:07","modified_gmt":"2026-02-02T08:30:07","slug":"liitusid-kuukirjaga","status":"publish","type":"page","link":"https:\/\/practicalconsciousness.com\/et\/liitusid-kuukirjaga\/","title":{"rendered":"Oled liitunud kuukirjaga"},"content":{"rendered":"<p><div class=\"fusion-fullwidth fullwidth-box fusion-builder-row-1 fusion-flex-container has-pattern-background has-mask-background nonhundred-percent-fullwidth non-hundred-percent-height-scrolling\" style=\"background-color: #fcf7ea;background-position: center center;background-repeat: no-repeat;border-width: 0px 0px 0px 0px;border-color:#e7e4e2;border-style:solid;\" ><div class=\"fusion-builder-row fusion-row fusion-flex-align-items-flex-start\" style=\"max-width:1331.2px;margin-left: calc(-4% \/ 2 );margin-right: calc(-4% \/ 2 );\"><div class=\"fusion-layout-column fusion_builder_column fusion-builder-column-0 fusion_builder_column_1_5 1_5 fusion-flex-column\"><div class=\"fusion-column-wrapper fusion-flex-justify-content-flex-start fusion-content-layout-column\" style=\"background-position:left top;background-repeat:no-repeat;-webkit-background-size:cover;-moz-background-size:cover;-o-background-size:cover;background-size:cover;padding: 0px 0px 0px 0px;\"><\/div><style type=\"text\/css\">.fusion-body .fusion-builder-column-0{width:20% !important;margin-top : 10px;margin-bottom : 10px;}.fusion-builder-column-0 > .fusion-column-wrapper {padding-top : 0px !important;padding-right : 0px !important;margin-right : 9.6%;padding-bottom : 0px !important;padding-left : 0px !important;margin-left : 9.6%;}@media only screen and (max-width:1024px) {.fusion-body .fusion-builder-column-0{width:100% !important;order : 0;}.fusion-builder-column-0 > .fusion-column-wrapper {margin-right : 1.92%;margin-left : 1.92%;}}@media only screen and (max-width:640px) {.fusion-body .fusion-builder-column-0{width:100% !important;order : 0;}.fusion-builder-column-0 > .fusion-column-wrapper {margin-right : 1.92%;margin-left : 1.92%;}}<\/style><\/div><div class=\"fusion-layout-column fusion_builder_column fusion-builder-column-1 fusion_builder_column_3_5 3_5 fusion-flex-column\"><div class=\"fusion-column-wrapper fusion-flex-justify-content-flex-start fusion-content-layout-column\" style=\"background-position:left top;background-repeat:no-repeat;-webkit-background-size:cover;-moz-background-size:cover;-o-background-size:cover;background-size:cover;padding: 0px 0px 0px 0px;\"><div ><span class=\" fusion-imageframe imageframe-none imageframe-1 hover-type-none\"><img decoding=\"async\" width=\"1200\" height=\"555\" title=\"Fienta b\u00e4nner &#8211; Oled kuukirja lugeja\" src=\"https:\/\/practicalconsciousness.com\/wp-content\/uploads\/2025\/12\/Oled-kuukirja-lugeja.jpg\" data-orig-src=\"https:\/\/practicalconsciousness.com\/wp-content\/uploads\/2025\/12\/Oled-kuukirja-lugeja.jpg\" alt class=\"lazyload img-responsive wp-image-12870\" srcset=\"data:image\/svg+xml,%3Csvg%20xmlns%3D%27http%3A%2F%2Fwww.w3.org%2F2000%2Fsvg%27%20width%3D%271200%27%20height%3D%27555%27%20viewBox%3D%270%200%201200%20555%27%3E%3Crect%20width%3D%271200%27%20height%3D%27555%27%20fill-opacity%3D%220%22%2F%3E%3C%2Fsvg%3E\" data-srcset=\"https:\/\/practicalconsciousness.com\/wp-content\/uploads\/2025\/12\/Oled-kuukirja-lugeja-200x93.jpg 200w, https:\/\/practicalconsciousness.com\/wp-content\/uploads\/2025\/12\/Oled-kuukirja-lugeja-400x185.jpg 400w, https:\/\/practicalconsciousness.com\/wp-content\/uploads\/2025\/12\/Oled-kuukirja-lugeja-600x278.jpg 600w, https:\/\/practicalconsciousness.com\/wp-content\/uploads\/2025\/12\/Oled-kuukirja-lugeja-800x370.jpg 800w, https:\/\/practicalconsciousness.com\/wp-content\/uploads\/2025\/12\/Oled-kuukirja-lugeja.jpg 1200w\" data-sizes=\"auto\" data-orig-sizes=\"(max-width: 1024px) 100vw, (max-width: 640px) 100vw, 800px\" \/><\/span><\/div><div class=\"fusion-text fusion-text-1\" style=\"text-align:justify;text-transform:none;\"><h3 style=\"text-align: left;\"><span class=\"TextRun SCXW65975811 BCX8\" lang=\"ET-EE\" xml:lang=\"ET-EE\" data-contrast=\"auto\"><span class=\"NormalTextRun SCXW65975811 BCX8\">Ait\u00e4h! Oled n\u00fc\u00fcd meie kuukirja lugeja.<\/span><\/span><\/h3>\n<p style=\"text-align: left;\">Seda kirja loeb koos sinuga ligi 12 000 inimest, kes hindavad arukamat ja heatahtlikumat eluviisi. Olenemata sellest, kas oled sellel teekonnal algaja v\u00f5i kogenud r\u00e4ndaja \u2013 meil on hea meel, et oled siin. Practical Consciousness teadmised on toetanud inimesi juba 18 aastat ja meil on hea meel seda kogemust n\u00fc\u00fcd ka sinuga jagada.<\/p>\n<p style=\"text-align: left;\">Mis saab edasi? Vaata oma postkasti &#8211; sealt leiad esimese kirja.<\/p>\n<p style=\"text-align: left;\"><strong>Avasta iseennast. T\u00f5eliselt.<\/strong><\/p>\n<\/div><\/div><style type=\"text\/css\">.fusion-body .fusion-builder-column-1{width:60% !important;margin-top : 10px;margin-bottom : 10px;}.fusion-builder-column-1 > .fusion-column-wrapper {padding-top : 0px !important;padding-right : 0px !important;margin-right : 3.2%;padding-bottom : 0px !important;padding-left : 0px !important;margin-left : 3.2%;}@media only screen and (max-width:1024px) {.fusion-body .fusion-builder-column-1{width:100% !important;order : 0;}.fusion-builder-column-1 > .fusion-column-wrapper {margin-right : 1.92%;margin-left : 1.92%;}}@media only screen and (max-width:640px) {.fusion-body .fusion-builder-column-1{width:100% !important;order : 0;}.fusion-builder-column-1 > .fusion-column-wrapper {margin-right : 1.92%;margin-left : 1.92%;}}<\/style><\/div><div class=\"fusion-layout-column fusion_builder_column fusion-builder-column-2 fusion_builder_column_1_5 1_5 fusion-flex-column\"><div class=\"fusion-column-wrapper fusion-flex-justify-content-flex-start fusion-content-layout-column\" style=\"background-position:left top;background-repeat:no-repeat;-webkit-background-size:cover;-moz-background-size:cover;-o-background-size:cover;background-size:cover;padding: 0px 0px 0px 0px;\"><\/div><style type=\"text\/css\">.fusion-body .fusion-builder-column-2{width:20% !important;margin-top : 10px;margin-bottom : 10px;}.fusion-builder-column-2 > .fusion-column-wrapper {padding-top : 0px !important;padding-right : 0px !important;margin-right : 9.6%;padding-bottom : 0px !important;padding-left : 0px !important;margin-left : 9.6%;}@media only screen and (max-width:1024px) {.fusion-body .fusion-builder-column-2{width:100% !important;order : 0;}.fusion-builder-column-2 > .fusion-column-wrapper {margin-right : 1.92%;margin-left : 1.92%;}}@media only screen and (max-width:640px) {.fusion-body .fusion-builder-column-2{width:100% !important;order : 0;}.fusion-builder-column-2 > .fusion-column-wrapper {margin-right : 1.92%;margin-left : 1.92%;}}<\/style><\/div><\/div><style type=\"text\/css\">.fusion-body .fusion-flex-container.fusion-builder-row-1{ padding-top : 38px;margin-top : 33;padding-right : 0px;padding-bottom : 38px;margin-bottom : 33;padding-left : 0px;}<\/style><\/div><div class=\"fusion-fullwidth fullwidth-box fusion-builder-row-2 fusion-flex-container has-pattern-background has-mask-background nonhundred-percent-fullwidth non-hundred-percent-height-scrolling\" style=\"background-color: rgba(255,255,255,0);background-position: left top;background-repeat: no-repeat;border-width: 0px 0px 0px 0px;border-color:#e7e4e2;border-style:solid;\" ><div class=\"fusion-builder-row fusion-row fusion-flex-align-items-flex-start\" style=\"max-width:1331.2px;margin-left: calc(-4% \/ 2 );margin-right: calc(-4% \/ 2 );\"><div class=\"fusion-layout-column fusion_builder_column fusion-builder-column-3 fusion_builder_column_1_5 1_5 fusion-flex-column fusion-no-small-visibility\"><div class=\"fusion-column-wrapper fusion-flex-justify-content-flex-start fusion-content-layout-column\" style=\"background-position:left top;background-blend-mode: overlay;background-repeat:no-repeat;-webkit-background-size:cover;-moz-background-size:cover;-o-background-size:cover;background-size:cover;padding: 0px 0px 0px 0px;\"><\/div><style type=\"text\/css\">.fusion-body .fusion-builder-column-3{width:20% !important;margin-top : 10px;margin-bottom : 10px;}.fusion-builder-column-3 > .fusion-column-wrapper {padding-top : 0px !important;padding-right : 0px !important;margin-right : 9.6%;padding-bottom : 0px !important;padding-left : 0px !important;margin-left : 9.6%;}@media only screen and (max-width:1024px) {.fusion-body .fusion-builder-column-3{width:100% !important;}.fusion-builder-column-3 > .fusion-column-wrapper {margin-right : 1.92%;margin-left : 1.92%;}}@media only screen and (max-width:640px) {.fusion-body .fusion-builder-column-3{width:100% !important;}.fusion-builder-column-3 > .fusion-column-wrapper {margin-right : 1.92%;margin-left : 1.92%;}}<\/style><\/div><div class=\"fusion-layout-column fusion_builder_column fusion-builder-column-4 fusion_builder_column_3_5 3_5 fusion-flex-column\"><div class=\"fusion-column-wrapper fusion-flex-justify-content-flex-start fusion-content-layout-column\" style=\"background-position:left top;background-blend-mode: overlay;background-repeat:no-repeat;-webkit-background-size:cover;-moz-background-size:cover;-o-background-size:cover;background-size:cover;padding: 0px 0px 0px 0px;\"><div class=\"fusion-text fusion-text-2 fusion-text-no-margin\" style=\"text-align:justify;text-transform:none;margin-bottom:-20px;\"><h3 style=\"text-align: left;\">Siit leiad varasemad kuukirjad<\/h3>\n<\/div><div ><span class=\" fusion-imageframe imageframe-none imageframe-2 hover-type-none\"><img decoding=\"async\" width=\"75\" height=\"6\" title=\"Punane triip\" src=\"data:image\/svg+xml,%3Csvg%20xmlns%3D%27http%3A%2F%2Fwww.w3.org%2F2000%2Fsvg%27%20width%3D%2775%27%20height%3D%276%27%20viewBox%3D%270%200%2075%206%27%3E%3Crect%20width%3D%2775%27%20height%3D%276%27%20fill-opacity%3D%220%22%2F%3E%3C%2Fsvg%3E\" data-orig-src=\"https:\/\/practicalconsciousness.com\/wp-content\/uploads\/2025\/12\/Punane-triip.png\" alt class=\"lazyload img-responsive wp-image-12877\"\/><\/span><\/div><div class=\"fusion-text fusion-text-3\" style=\"text-align:justify;text-transform:none;\"><p style=\"text-align: left;\">Kui soovid s\u00fcveneda, leiad siit ka varasemad kuukirjad, mis annavad hea \u00fclevaate sellest, kuhu meie kogukond \u00fchiselt liigub.<\/p>\n<p><a href=\"https:\/\/manage.kmail-lists.com\/subscriptions\/web-view?a=V4z4SK&amp;c=01JSF4YV6FBRJHN5E1K8F3X7AT&amp;k=ac561c1ed175a5744a19b5ed4cbf4180&amp;m=01KG57AX705RY105ZSD6ZY3KXZ&amp;r=01KGBWJHB74R0HK19ZY2ZFBMNT\" target=\"_blank\" rel=\"noopener\">Veebruar 2026<\/a><\/p>\n<p><a href=\"https:\/\/manage.kmail-lists.com\/subscriptions\/web-view?a=V4z4SK&amp;c=01KC15RAAGJ3AAF48E1C7RB64Z&amp;k=98c352a69e938a8846b86c59d1edfd70&amp;m=01KCV6YJFA2CNE6SD4ZDW0HTC2&amp;r=01KCZQWMCWV952A6GW8NEBQYB0\" target=\"_blank\" rel=\"noopener\">Detsember 2025<\/a><\/p>\n<p style=\"text-align: left;\"><a href=\"https:\/\/manage.kmail-lists.com\/subscriptions\/web-view?a=V4z4SK&amp;c=01KC15RAAGJ3AAF48E1C7RB64Z&amp;k=facf8eba37432db1b052fc5bb80d6df3&amp;g=TmmkBX&amp;m=01KCRN77JYHK9F6R686GTZ0N88&amp;r=01KCRT08MVTCTNS75WTT0AX395\" target=\"_blank\" rel=\"noopener\">November 2025<\/a><\/p>\n<p style=\"text-align: left;\"><a href=\"https:\/\/manage.kmail-lists.com\/subscriptions\/web-view?a=V4z4SK&amp;c=01KC15RAAGJ3AAF48E1C7RB64Z&amp;k=facf8eba37432db1b052fc5bb80d6df3&amp;g=TmmkBX&amp;m=01KC16CG7RF5JWD1NMS20Z60AY&amp;r=01KC16GKHSZHWB9ESTCMME38NM\" target=\"_blank\" rel=\"noopener\">September 2025<\/a><\/p>\n<p style=\"text-align: left;\"><a href=\"https:\/\/manage.kmail-lists.com\/subscriptions\/web-view?a=V4z4SK&amp;c=01KC15RAAGJ3AAF48E1C7RB64Z&amp;k=facf8eba37432db1b052fc5bb80d6df3&amp;g=TmmkBX&amp;m=01KC167GBH0VQ6ACCTK3Y145A0&amp;r=01KC16C1V17ZQD1C5R1WMKXXTV\" target=\"_blank\" rel=\"noopener\">August 2025<\/a><\/p>\n<p style=\"text-align: left;\"><a href=\"https:\/\/manage.kmail-lists.com\/subscriptions\/web-view?a=V4z4SK&amp;c=01KC15RAAGJ3AAF48E1C7RB64Z&amp;k=facf8eba37432db1b052fc5bb80d6df3&amp;g=TmmkBX&amp;m=01KC15T94Z3RR8BEARDSHZ9TSV&amp;r=01KC1615RQX16V8MHBX3BVK3EA\" target=\"_blank\" rel=\"noopener\">Juuli 2025<\/a><\/p>\n<\/div><\/div><style type=\"text\/css\">.fusion-body .fusion-builder-column-4{width:60% !important;margin-top : 10px;margin-bottom : 30px;}.fusion-builder-column-4 > .fusion-column-wrapper {padding-top : 0px !important;padding-right : 0px !important;margin-right : 3.2%;padding-bottom : 0px !important;padding-left : 0px !important;margin-left : 3.2%;}@media only screen and (max-width:1024px) {.fusion-body .fusion-builder-column-4{width:100% !important;}.fusion-builder-column-4 > .fusion-column-wrapper {margin-right : 1.92%;margin-left : 1.92%;}}@media only screen and (max-width:640px) {.fusion-body .fusion-builder-column-4{width:100% !important;}.fusion-builder-column-4 > .fusion-column-wrapper {margin-right : 1.92%;margin-left : 1.92%;}}<\/style><\/div><div class=\"fusion-layout-column fusion_builder_column fusion-builder-column-5 fusion_builder_column_1_5 1_5 fusion-flex-column fusion-no-small-visibility fusion-no-medium-visibility\"><div class=\"fusion-column-wrapper fusion-flex-justify-content-flex-start fusion-content-layout-column\" style=\"background-position:left top;background-blend-mode: overlay;background-repeat:no-repeat;-webkit-background-size:cover;-moz-background-size:cover;-o-background-size:cover;background-size:cover;padding: 0px 0px 0px 0px;\"><div class=\"fusion-separator fusion-full-width-sep\" style=\"align-self: center;margin-left: auto;margin-right: auto;margin-top:20px;width:100%;\"><\/div><\/div><style type=\"text\/css\">.fusion-body .fusion-builder-column-5{width:20% !important;margin-top : 10px;margin-bottom : 10px;}.fusion-builder-column-5 > .fusion-column-wrapper {padding-top : 0px !important;padding-right : 0px !important;margin-right : 9.6%;padding-bottom : 0px !important;padding-left : 0px !important;margin-left : 9.6%;}@media only screen and (max-width:1024px) {.fusion-body .fusion-builder-column-5{width:100% !important;}.fusion-builder-column-5 > .fusion-column-wrapper {margin-right : 1.92%;margin-left : 1.92%;}}@media only screen and (max-width:640px) {.fusion-body .fusion-builder-column-5{width:100% !important;}.fusion-builder-column-5 > .fusion-column-wrapper {margin-right : 1.92%;margin-left : 1.92%;}}<\/style><\/div><\/div><style type=\"text\/css\">.fusion-body .fusion-flex-container.fusion-builder-row-2{ padding-top : 15px;margin-top : 0px;padding-right : 0px;padding-bottom : 15px;margin-bottom : 0px;padding-left : 0px;}@media only screen and (max-width:1024px) {.fusion-body .fusion-flex-container.fusion-builder-row-2{ padding-top : 60px;}}<\/style><\/div><div class=\"fusion-fullwidth fullwidth-box fusion-builder-row-3 fusion-flex-container has-pattern-background has-mask-background nonhundred-percent-fullwidth non-hundred-percent-height-scrolling\" style=\"background-color: rgba(255,255,255,0);background-position: center center;background-repeat: no-repeat;border-width: 0px 0px 0px 0px;border-color:#e7e4e2;border-style:solid;\" ><div class=\"fusion-builder-row fusion-row fusion-flex-align-items-flex-start\" style=\"max-width:1331.2px;margin-left: calc(-4% \/ 2 );margin-right: calc(-4% \/ 2 );\"><div class=\"fusion-layout-column fusion_builder_column fusion-builder-column-6 fusion_builder_column_1_1 1_1 fusion-flex-column\"><div class=\"fusion-column-wrapper fusion-flex-justify-content-flex-start fusion-content-layout-column\" style=\"background-position:left top;background-repeat:no-repeat;-webkit-background-size:cover;-moz-background-size:cover;-o-background-size:cover;background-size:cover;padding: 0px 0px 0px 0px;\"><\/div><style type=\"text\/css\">.fusion-body .fusion-builder-column-6{width:100% !important;margin-top : 10px;margin-bottom : 10px;}.fusion-builder-column-6 > .fusion-column-wrapper {padding-top : 0px !important;padding-right : 0px !important;margin-right : 1.92%;padding-bottom : 0px !important;padding-left : 0px !important;margin-left : 1.92%;}@media only screen and (max-width:1024px) {.fusion-body .fusion-builder-column-6{width:100% !important;order : 0;}.fusion-builder-column-6 > .fusion-column-wrapper {margin-right : 1.92%;margin-left : 1.92%;}}@media only screen and (max-width:640px) {.fusion-body .fusion-builder-column-6{width:100% !important;order : 0;}.fusion-builder-column-6 > .fusion-column-wrapper {margin-right : 1.92%;margin-left : 1.92%;}}<\/style><\/div><\/div><style type=\"text\/css\">.fusion-body .fusion-flex-container.fusion-builder-row-3{ padding-top : 10px;margin-top : 0px;padding-right : 0px;padding-bottom : 10px;margin-bottom : 0px;padding-left : 0px;}<\/style><\/div><\/p>\n","protected":false},"excerpt":{"rendered":"","protected":false},"author":17,"featured_media":12870,"parent":0,"menu_order":0,"comment_status":"closed","ping_status":"closed","template":"100-width.php","meta":{"inline_featured_image":false,"footnotes":""},"class_list":["post-12859","page","type-page","status-publish","has-post-thumbnail","hentry"],"yoast_head":"<!-- This site is optimized with the Yoast SEO plugin v19.9 - https:\/\/yoast.com\/wordpress\/plugins\/seo\/ -->\n<title>Oled liitunud kuukirjaga - Practical Consciousness<\/title>\n<meta name=\"description\" content=\"Oled meie kuukirja lugeja. Seda kirja loeb koos sinuga ligi 12 000 inimest, kes hindavad arukamat ja heatahtlikumat eluviisi.\" \/>\n<meta name=\"robots\" content=\"index, follow, max-snippet:-1, max-image-preview:large, max-video-preview:-1\" \/>\n<link rel=\"canonical\" href=\"https:\/\/practicalconsciousness.com\/et\/liitusid-kuukirjaga\/\" \/>\n<meta property=\"og:locale\" content=\"et_EE\" \/>\n<meta property=\"og:type\" content=\"article\" \/>\n<meta property=\"og:title\" content=\"Liitusid kuukirjaga\" \/>\n<meta property=\"og:description\" content=\"Oled meie kuukirja lugeja. Seda kirja loeb koos sinuga ligi 12 000 inimest, kes hindavad arukamat ja heatahtlikumat eluviisi.\" \/>\n<meta property=\"og:url\" content=\"https:\/\/practicalconsciousness.com\/et\/liitusid-kuukirjaga\/\" \/>\n<meta property=\"og:site_name\" content=\"Practical Consciousness\" \/>\n<meta property=\"article:modified_time\" content=\"2026-02-02T08:30:07+00:00\" \/>\n<meta property=\"og:image\" content=\"https:\/\/practicalconsciousness.com\/wp-content\/uploads\/2025\/12\/Oled-kuukirja-lugeja.jpg\" \/>\n\t<meta property=\"og:image:width\" content=\"1200\" \/>\n\t<meta property=\"og:image:height\" content=\"555\" \/>\n\t<meta property=\"og:image:type\" content=\"image\/jpeg\" \/>\n<meta name=\"twitter:card\" content=\"summary_large_image\" \/>\n<meta name=\"twitter:title\" content=\"Liitusid kuukirjaga\" \/>\n<meta name=\"twitter:description\" content=\"Oled meie kuukirja lugeja. Seda kirja loeb koos sinuga ligi 12 000 inimest, kes hindavad arukamat ja heatahtlikumat eluviisi.\" \/>\n<meta name=\"twitter:image\" content=\"https:\/\/practicalconsciousness.com\/wp-content\/uploads\/2025\/12\/Oled-kuukirja-lugeja.jpg\" \/>\n<meta name=\"twitter:label1\" content=\"Est. reading time\" \/>\n\t<meta name=\"twitter:data1\" content=\"16 minutit\" \/>\n<script type=\"application\/ld+json\" class=\"yoast-schema-graph\">{\"@context\":\"https:\/\/schema.org\",\"@graph\":[{\"@type\":\"WebPage\",\"@id\":\"https:\/\/practicalconsciousness.com\/et\/liitusid-kuukirjaga\/\",\"url\":\"https:\/\/practicalconsciousness.com\/et\/liitusid-kuukirjaga\/\",\"name\":\"Oled liitunud kuukirjaga - Practical Consciousness\",\"isPartOf\":{\"@id\":\"https:\/\/practicalconsciousness.com\/et\/#website\"},\"datePublished\":\"2025-11-27T08:32:40+00:00\",\"dateModified\":\"2026-02-02T08:30:07+00:00\",\"description\":\"Oled meie kuukirja lugeja. Seda kirja loeb koos sinuga ligi 12 000 inimest, kes hindavad arukamat ja heatahtlikumat eluviisi.\",\"breadcrumb\":{\"@id\":\"https:\/\/practicalconsciousness.com\/et\/liitusid-kuukirjaga\/#breadcrumb\"},\"inLanguage\":\"et\",\"potentialAction\":[{\"@type\":\"ReadAction\",\"target\":[\"https:\/\/practicalconsciousness.com\/et\/liitusid-kuukirjaga\/\"]}]},{\"@type\":\"BreadcrumbList\",\"@id\":\"https:\/\/practicalconsciousness.com\/et\/liitusid-kuukirjaga\/#breadcrumb\",\"itemListElement\":[{\"@type\":\"ListItem\",\"position\":1,\"name\":\"Home\",\"item\":\"https:\/\/practicalconsciousness.com\/et\/\"},{\"@type\":\"ListItem\",\"position\":2,\"name\":\"Oled liitunud kuukirjaga\"}]},{\"@type\":\"WebSite\",\"@id\":\"https:\/\/practicalconsciousness.com\/et\/#website\",\"url\":\"https:\/\/practicalconsciousness.com\/et\/\",\"name\":\"Practical Consciousness\",\"description\":\"Change your inner world\",\"potentialAction\":[{\"@type\":\"SearchAction\",\"target\":{\"@type\":\"EntryPoint\",\"urlTemplate\":\"https:\/\/practicalconsciousness.com\/et\/?s={search_term_string}\"},\"query-input\":\"required name=search_term_string\"}],\"inLanguage\":\"et\"}]}<\/script>\n<!-- \/ Yoast SEO plugin. -->","yoast_head_json":{"title":"Oled liitunud kuukirjaga - Practical Consciousness","description":"Oled meie kuukirja lugeja. Seda kirja loeb koos sinuga ligi 12 000 inimest, kes hindavad arukamat ja heatahtlikumat eluviisi.","robots":{"index":"index","follow":"follow","max-snippet":"max-snippet:-1","max-image-preview":"max-image-preview:large","max-video-preview":"max-video-preview:-1"},"canonical":"https:\/\/practicalconsciousness.com\/et\/liitusid-kuukirjaga\/","og_locale":"et_EE","og_type":"article","og_title":"Liitusid kuukirjaga","og_description":"Oled meie kuukirja lugeja. Seda kirja loeb koos sinuga ligi 12 000 inimest, kes hindavad arukamat ja heatahtlikumat eluviisi.","og_url":"https:\/\/practicalconsciousness.com\/et\/liitusid-kuukirjaga\/","og_site_name":"Practical Consciousness","article_modified_time":"2026-02-02T08:30:07+00:00","og_image":[{"width":1200,"height":555,"url":"https:\/\/practicalconsciousness.com\/wp-content\/uploads\/2025\/12\/Oled-kuukirja-lugeja.jpg","type":"image\/jpeg"}],"twitter_card":"summary_large_image","twitter_title":"Liitusid kuukirjaga","twitter_description":"Oled meie kuukirja lugeja. Seda kirja loeb koos sinuga ligi 12 000 inimest, kes hindavad arukamat ja heatahtlikumat eluviisi.","twitter_image":"https:\/\/practicalconsciousness.com\/wp-content\/uploads\/2025\/12\/Oled-kuukirja-lugeja.jpg","twitter_misc":{"Est. reading time":"16 minutit"},"schema":{"@context":"https:\/\/schema.org","@graph":[{"@type":"WebPage","@id":"https:\/\/practicalconsciousness.com\/et\/liitusid-kuukirjaga\/","url":"https:\/\/practicalconsciousness.com\/et\/liitusid-kuukirjaga\/","name":"Oled liitunud kuukirjaga - Practical Consciousness","isPartOf":{"@id":"https:\/\/practicalconsciousness.com\/et\/#website"},"datePublished":"2025-11-27T08:32:40+00:00","dateModified":"2026-02-02T08:30:07+00:00","description":"Oled meie kuukirja lugeja. Seda kirja loeb koos sinuga ligi 12 000 inimest, kes hindavad arukamat ja heatahtlikumat eluviisi.","breadcrumb":{"@id":"https:\/\/practicalconsciousness.com\/et\/liitusid-kuukirjaga\/#breadcrumb"},"inLanguage":"et","potentialAction":[{"@type":"ReadAction","target":["https:\/\/practicalconsciousness.com\/et\/liitusid-kuukirjaga\/"]}]},{"@type":"BreadcrumbList","@id":"https:\/\/practicalconsciousness.com\/et\/liitusid-kuukirjaga\/#breadcrumb","itemListElement":[{"@type":"ListItem","position":1,"name":"Home","item":"https:\/\/practicalconsciousness.com\/et\/"},{"@type":"ListItem","position":2,"name":"Oled liitunud kuukirjaga"}]},{"@type":"WebSite","@id":"https:\/\/practicalconsciousness.com\/et\/#website","url":"https:\/\/practicalconsciousness.com\/et\/","name":"Practical Consciousness","description":"Change your inner world","potentialAction":[{"@type":"SearchAction","target":{"@type":"EntryPoint","urlTemplate":"https:\/\/practicalconsciousness.com\/et\/?s={search_term_string}"},"query-input":"required name=search_term_string"}],"inLanguage":"et"}]}},"_links":{"self":[{"href":"https:\/\/practicalconsciousness.com\/et\/wp-json\/wp\/v2\/pages\/12859","targetHints":{"allow":["GET"]}}],"collection":[{"href":"https:\/\/practicalconsciousness.com\/et\/wp-json\/wp\/v2\/pages"}],"about":[{"href":"https:\/\/practicalconsciousness.com\/et\/wp-json\/wp\/v2\/types\/page"}],"author":[{"embeddable":true,"href":"https:\/\/practicalconsciousness.com\/et\/wp-json\/wp\/v2\/users\/17"}],"replies":[{"embeddable":true,"href":"https:\/\/practicalconsciousness.com\/et\/wp-json\/wp\/v2\/comments?post=12859"}],"version-history":[{"count":15,"href":"https:\/\/practicalconsciousness.com\/et\/wp-json\/wp\/v2\/pages\/12859\/revisions"}],"predecessor-version":[{"id":13156,"href":"https:\/\/practicalconsciousness.com\/et\/wp-json\/wp\/v2\/pages\/12859\/revisions\/13156"}],"wp:featuredmedia":[{"embeddable":true,"href":"https:\/\/practicalconsciousness.com\/et\/wp-json\/wp\/v2\/media\/12870"}],"wp:attachment":[{"href":"https:\/\/practicalconsciousness.com\/et\/wp-json\/wp\/v2\/media?parent=12859"}],"curies":[{"name":"wp","href":"https:\/\/api.w.org\/{rel}","templated":true}]}}