{"id":12855,"date":"2025-11-27T08:15:29","date_gmt":"2025-11-27T08:15:29","guid":{"rendered":"https:\/\/practicalconsciousness.com\/?page_id=12855"},"modified":"2025-11-27T08:15:29","modified_gmt":"2025-11-27T08:15:29","slug":"kuukiri","status":"publish","type":"page","link":"https:\/\/practicalconsciousness.com\/et\/kuukiri\/","title":{"rendered":"Liitu kuukirjaga"},"content":{"rendered":"<p><div class=\"fusion-fullwidth fullwidth-box fusion-builder-row-1 fusion-flex-container has-pattern-background has-mask-background nonhundred-percent-fullwidth non-hundred-percent-height-scrolling\" style=\"background-color: rgba(255,255,255,0);background-position: center center;background-repeat: no-repeat;border-width: 0px 0px 0px 0px;border-color:#e7e4e2;border-style:solid;\" ><div class=\"fusion-builder-row fusion-row fusion-flex-align-items-flex-start\" style=\"max-width:1331.2px;margin-left: calc(-4% \/ 2 );margin-right: calc(-4% \/ 2 );\"><div class=\"fusion-layout-column fusion_builder_column fusion-builder-column-0 fusion_builder_column_1_1 1_1 fusion-flex-column\"><div class=\"fusion-column-wrapper fusion-flex-justify-content-flex-start fusion-content-layout-column\" style=\"background-position:left top;background-repeat:no-repeat;-webkit-background-size:cover;-moz-background-size:cover;-o-background-size:cover;background-size:cover;padding: 0px 0px 0px 0px;\"><div class=\"klaviyo-form-Rw2pYy\"><\/div><\/div><style type=\"text\/css\">.fusion-body .fusion-builder-column-0{width:100% !important;margin-top : 10px;margin-bottom : 10px;}.fusion-builder-column-0 > .fusion-column-wrapper {padding-top : 0px !important;padding-right : 0px !important;margin-right : 1.92%;padding-bottom : 0px !important;padding-left : 0px !important;margin-left : 1.92%;}@media only screen and (max-width:1024px) {.fusion-body .fusion-builder-column-0{width:100% !important;order : 0;}.fusion-builder-column-0 > .fusion-column-wrapper {margin-right : 1.92%;margin-left : 1.92%;}}@media only screen and (max-width:640px) {.fusion-body .fusion-builder-column-0{width:100% !important;order : 0;}.fusion-builder-column-0 > .fusion-column-wrapper {margin-right : 1.92%;margin-left : 1.92%;}}<\/style><\/div><\/div><style type=\"text\/css\">.fusion-body .fusion-flex-container.fusion-builder-row-1{ padding-top : 33px;margin-top : 0px;padding-right : 0px;padding-bottom : 33px;margin-bottom : 0px;padding-left : 0px;}<\/style><\/div><div class=\"fusion-fullwidth fullwidth-box fusion-builder-row-2 fusion-flex-container has-pattern-background has-mask-background nonhundred-percent-fullwidth non-hundred-percent-height-scrolling\" style=\"background-color: rgba(255,255,255,0);background-position: center center;background-repeat: no-repeat;border-width: 0px 0px 0px 0px;border-color:#e7e4e2;border-style:solid;\" ><div class=\"fusion-builder-row fusion-row fusion-flex-align-items-flex-start\" style=\"max-width:1331.2px;margin-left: calc(-4% \/ 2 );margin-right: calc(-4% \/ 2 );\"><div class=\"fusion-layout-column fusion_builder_column fusion-builder-column-1 fusion_builder_column_1_1 1_1 fusion-flex-column\"><div class=\"fusion-column-wrapper fusion-flex-justify-content-flex-start fusion-content-layout-column\" style=\"background-position:left top;background-repeat:no-repeat;-webkit-background-size:cover;-moz-background-size:cover;-o-background-size:cover;background-size:cover;padding: 0px 0px 0px 0px;\"><\/div><style type=\"text\/css\">.fusion-body .fusion-builder-column-1{width:100% !important;margin-top : 10px;margin-bottom : 10px;}.fusion-builder-column-1 > .fusion-column-wrapper {padding-top : 0px !important;padding-right : 0px !important;margin-right : 1.92%;padding-bottom : 0px !important;padding-left : 0px !important;margin-left : 1.92%;}@media only screen and (max-width:1024px) {.fusion-body .fusion-builder-column-1{width:100% !important;order : 0;}.fusion-builder-column-1 > .fusion-column-wrapper {margin-right : 1.92%;margin-left : 1.92%;}}@media only screen and (max-width:640px) {.fusion-body .fusion-builder-column-1{width:100% !important;order : 0;}.fusion-builder-column-1 > .fusion-column-wrapper {margin-right : 1.92%;margin-left : 1.92%;}}<\/style><\/div><\/div><style type=\"text\/css\">.fusion-body .fusion-flex-container.fusion-builder-row-2{ padding-top : 10px;margin-top : 0px;padding-right : 0px;padding-bottom : 10px;margin-bottom : 0px;padding-left : 0px;}<\/style><\/div><\/p>\n","protected":false},"excerpt":{"rendered":"","protected":false},"author":17,"featured_media":12749,"parent":0,"menu_order":0,"comment_status":"closed","ping_status":"closed","template":"100-width.php","meta":{"inline_featured_image":false,"footnotes":""},"class_list":["post-12855","page","type-page","status-publish","has-post-thumbnail","hentry"],"yoast_head":"<!-- This site is optimized with the Yoast SEO plugin v19.9 - https:\/\/yoast.com\/wordpress\/plugins\/seo\/ -->\n<title>Liitu kuukirjaga - Practical Consciousness<\/title>\n<meta name=\"description\" content=\"Practical Consciousness igap\u00e4evane praktika on loodud selleks, et toetada sinu j\u00e4rjepidevust praktiseerimisel.\" \/>\n<meta name=\"robots\" content=\"index, follow, max-snippet:-1, max-image-preview:large, max-video-preview:-1\" \/>\n<link rel=\"canonical\" href=\"https:\/\/practicalconsciousness.com\/et\/kuukiri\/\" \/>\n<meta property=\"og:locale\" content=\"et_EE\" \/>\n<meta property=\"og:type\" content=\"article\" \/>\n<meta property=\"og:title\" content=\"Practical Consciousness igap\u00e4evane praktika\" \/>\n<meta property=\"og:description\" content=\"Practical Consciousness igap\u00e4evane praktika on loodud selleks, et toetada sinu j\u00e4rjepidevust praktiseerimisel\" \/>\n<meta property=\"og:url\" content=\"https:\/\/practicalconsciousness.com\/et\/kuukiri\/\" \/>\n<meta property=\"og:site_name\" content=\"Practical Consciousness\" \/>\n<meta property=\"og:image\" content=\"https:\/\/practicalconsciousness.com\/wp-content\/uploads\/2025\/09\/Igapaevane-praktika-banner-vasakul-oranzi-taustaga-1.jpg\" \/>\n\t<meta property=\"og:image:width\" content=\"1800\" \/>\n\t<meta property=\"og:image:height\" content=\"1013\" \/>\n\t<meta property=\"og:image:type\" content=\"image\/jpeg\" \/>\n<meta name=\"twitter:card\" content=\"summary_large_image\" \/>\n<meta name=\"twitter:title\" content=\"Practical Consciousness igap\u00e4evane praktika\" \/>\n<meta name=\"twitter:description\" content=\"Practical Consciousness igap\u00e4evane praktika on loodud selleks, et toetada sinu j\u00e4rjepidevust praktiseerimisel\" \/>\n<meta name=\"twitter:image\" content=\"https:\/\/practicalconsciousness.com\/wp-content\/uploads\/2025\/09\/Igapaevane-praktika-banner-vasakul-oranzi-taustaga-1.jpg\" \/>\n<meta name=\"twitter:label1\" content=\"Est. reading time\" \/>\n\t<meta name=\"twitter:data1\" content=\"5 minutit\" \/>\n<script type=\"application\/ld+json\" class=\"yoast-schema-graph\">{\"@context\":\"https:\/\/schema.org\",\"@graph\":[{\"@type\":\"WebPage\",\"@id\":\"https:\/\/practicalconsciousness.com\/et\/kuukiri\/\",\"url\":\"https:\/\/practicalconsciousness.com\/et\/kuukiri\/\",\"name\":\"Liitu kuukirjaga - Practical Consciousness\",\"isPartOf\":{\"@id\":\"https:\/\/practicalconsciousness.com\/et\/#website\"},\"datePublished\":\"2025-11-27T08:15:29+00:00\",\"dateModified\":\"2025-11-27T08:15:29+00:00\",\"description\":\"Practical Consciousness igap\u00e4evane praktika on loodud selleks, et toetada sinu j\u00e4rjepidevust praktiseerimisel.\",\"breadcrumb\":{\"@id\":\"https:\/\/practicalconsciousness.com\/et\/kuukiri\/#breadcrumb\"},\"inLanguage\":\"et\",\"potentialAction\":[{\"@type\":\"ReadAction\",\"target\":[\"https:\/\/practicalconsciousness.com\/et\/kuukiri\/\"]}]},{\"@type\":\"BreadcrumbList\",\"@id\":\"https:\/\/practicalconsciousness.com\/et\/kuukiri\/#breadcrumb\",\"itemListElement\":[{\"@type\":\"ListItem\",\"position\":1,\"name\":\"Home\",\"item\":\"https:\/\/practicalconsciousness.com\/et\/\"},{\"@type\":\"ListItem\",\"position\":2,\"name\":\"Liitu kuukirjaga\"}]},{\"@type\":\"WebSite\",\"@id\":\"https:\/\/practicalconsciousness.com\/et\/#website\",\"url\":\"https:\/\/practicalconsciousness.com\/et\/\",\"name\":\"Practical Consciousness\",\"description\":\"Change your inner world\",\"potentialAction\":[{\"@type\":\"SearchAction\",\"target\":{\"@type\":\"EntryPoint\",\"urlTemplate\":\"https:\/\/practicalconsciousness.com\/et\/?s={search_term_string}\"},\"query-input\":\"required name=search_term_string\"}],\"inLanguage\":\"et\"}]}<\/script>\n<!-- \/ Yoast SEO plugin. -->","yoast_head_json":{"title":"Liitu kuukirjaga - Practical Consciousness","description":"Practical Consciousness igap\u00e4evane praktika on loodud selleks, et toetada sinu j\u00e4rjepidevust praktiseerimisel.","robots":{"index":"index","follow":"follow","max-snippet":"max-snippet:-1","max-image-preview":"max-image-preview:large","max-video-preview":"max-video-preview:-1"},"canonical":"https:\/\/practicalconsciousness.com\/et\/kuukiri\/","og_locale":"et_EE","og_type":"article","og_title":"Practical Consciousness igap\u00e4evane praktika","og_description":"Practical Consciousness igap\u00e4evane praktika on loodud selleks, et toetada sinu j\u00e4rjepidevust praktiseerimisel","og_url":"https:\/\/practicalconsciousness.com\/et\/kuukiri\/","og_site_name":"Practical Consciousness","og_image":[{"width":1800,"height":1013,"url":"https:\/\/practicalconsciousness.com\/wp-content\/uploads\/2025\/09\/Igapaevane-praktika-banner-vasakul-oranzi-taustaga-1.jpg","type":"image\/jpeg"}],"twitter_card":"summary_large_image","twitter_title":"Practical Consciousness igap\u00e4evane praktika","twitter_description":"Practical Consciousness igap\u00e4evane praktika on loodud selleks, et toetada sinu j\u00e4rjepidevust praktiseerimisel","twitter_image":"https:\/\/practicalconsciousness.com\/wp-content\/uploads\/2025\/09\/Igapaevane-praktika-banner-vasakul-oranzi-taustaga-1.jpg","twitter_misc":{"Est. reading time":"5 minutit"},"schema":{"@context":"https:\/\/schema.org","@graph":[{"@type":"WebPage","@id":"https:\/\/practicalconsciousness.com\/et\/kuukiri\/","url":"https:\/\/practicalconsciousness.com\/et\/kuukiri\/","name":"Liitu kuukirjaga - Practical Consciousness","isPartOf":{"@id":"https:\/\/practicalconsciousness.com\/et\/#website"},"datePublished":"2025-11-27T08:15:29+00:00","dateModified":"2025-11-27T08:15:29+00:00","description":"Practical Consciousness igap\u00e4evane praktika on loodud selleks, et toetada sinu j\u00e4rjepidevust praktiseerimisel.","breadcrumb":{"@id":"https:\/\/practicalconsciousness.com\/et\/kuukiri\/#breadcrumb"},"inLanguage":"et","potentialAction":[{"@type":"ReadAction","target":["https:\/\/practicalconsciousness.com\/et\/kuukiri\/"]}]},{"@type":"BreadcrumbList","@id":"https:\/\/practicalconsciousness.com\/et\/kuukiri\/#breadcrumb","itemListElement":[{"@type":"ListItem","position":1,"name":"Home","item":"https:\/\/practicalconsciousness.com\/et\/"},{"@type":"ListItem","position":2,"name":"Liitu kuukirjaga"}]},{"@type":"WebSite","@id":"https:\/\/practicalconsciousness.com\/et\/#website","url":"https:\/\/practicalconsciousness.com\/et\/","name":"Practical Consciousness","description":"Change your inner world","potentialAction":[{"@type":"SearchAction","target":{"@type":"EntryPoint","urlTemplate":"https:\/\/practicalconsciousness.com\/et\/?s={search_term_string}"},"query-input":"required name=search_term_string"}],"inLanguage":"et"}]}},"_links":{"self":[{"href":"https:\/\/practicalconsciousness.com\/et\/wp-json\/wp\/v2\/pages\/12855","targetHints":{"allow":["GET"]}}],"collection":[{"href":"https:\/\/practicalconsciousness.com\/et\/wp-json\/wp\/v2\/pages"}],"about":[{"href":"https:\/\/practicalconsciousness.com\/et\/wp-json\/wp\/v2\/types\/page"}],"author":[{"embeddable":true,"href":"https:\/\/practicalconsciousness.com\/et\/wp-json\/wp\/v2\/users\/17"}],"replies":[{"embeddable":true,"href":"https:\/\/practicalconsciousness.com\/et\/wp-json\/wp\/v2\/comments?post=12855"}],"version-history":[{"count":5,"href":"https:\/\/practicalconsciousness.com\/et\/wp-json\/wp\/v2\/pages\/12855\/revisions"}],"predecessor-version":[{"id":12862,"href":"https:\/\/practicalconsciousness.com\/et\/wp-json\/wp\/v2\/pages\/12855\/revisions\/12862"}],"wp:featuredmedia":[{"embeddable":true,"href":"https:\/\/practicalconsciousness.com\/et\/wp-json\/wp\/v2\/media\/12749"}],"wp:attachment":[{"href":"https:\/\/practicalconsciousness.com\/et\/wp-json\/wp\/v2\/media?parent=12855"}],"curies":[{"name":"wp","href":"https:\/\/api.w.org\/{rel}","templated":true}]}}